{"id":1134,"date":"2025-05-30T16:18:08","date_gmt":"2025-05-30T14:18:08","guid":{"rendered":"https:\/\/hernwood.com\/ako-investujeme\/"},"modified":"2025-06-22T15:01:18","modified_gmt":"2025-06-22T13:01:18","slug":"ako-investujeme","status":"publish","type":"page","link":"https:\/\/hernwood.com\/en\/ako-investujeme\/","title":{"rendered":"Ako investujeme"},"content":{"rendered":"<section class=\"hero bg-primary-dark  pb-0 hero--decor \">\n\t<div class=\"hero-wrapper\"><\/div>\n\t<div class=\"container position-relative z-1\">\n\t\t<div class=\"row row-gap-3 justify-content-center align-items-center\">\n\t\t\t\t\t\t\t<div class=\"col-lg-8 d-flex flex-column gap-4 align-items-start\">\n\t\t\t\t\t<div class=\"d-flex flex-column gap-2 text-center\">\n\t\t\t\t\t\t<div class=\"d-flex flex-column gap-2-half gap-lg-3\">\n\t\t\t\t\t\t\t\t\t\t\t\t\t\t\t<span class=\"fs-sm fw-bold text-uppercase text-shine\" data-aos=\"fade-up\">How We Invest<\/span>\n\t\t\t\t\t\t\t\t\t\t\t\t\t\t\t\t\t\t\t\t\t\t<h1 class=\"text-white\" data-aos=\"fade-up\">\n\t\t\t\t\t\t\t\t\tHow we invest in your growth\n\t\t\t\t\t\t\t\t<\/h1>\n\t\t\t\t\t\t\t\t\t\t\t\t\t<\/div>\n\t\t\t\t\t\t\t\t\t\t\t\t\t<p class=\"text-white lead\" data-aos=\"fade-up\">\n\t\t\t\t\t\t\t\tWe combine capital, experience, and personal commitment. We invest as partners &#8211; with trust, respect, and a readiness to stand by your side in key decisions. We support sustainable, structured growth with a clear vision for a successful exit. \n\t\t\t\t\t\t\t<\/p>\n\t\t\t\t\t\t\t\t\t\t\t<\/div>\n\t\t\t\t\t\t\t\t\t<\/div>\n\t\t\t\t\t\t\t\t<\/div>\n\t\t\t\t\t<div class=\"row g-1-half g-lg-3 align-items-end mt-4 mt-lg-6 pt-lg-2\">\n\t\t\t\t\t\t\t\t\t\t\t\t\t\t\t\t\t\t\t\t\t\t\t\t\t\t\n\t\t\t\t\t<div class=\"col-4\" data-aos=\"fade-up\" data-aos-delay=\"000\">\n\t\t\t\t\t\t\t\t\t\t\t\t<picture class=\"picture\">\n\t\t\t\t\t\t\t\t\t<source media=\"(max-width: 768px)\"\n\t\t\t\t\t\tdata-srcset=\"https:\/\/hernwood.com\/wp-content\/uploads\/2025\/06\/OQ1A7377-98x163-c-default.jpg 1x, https:\/\/hernwood.com\/wp-content\/uploads\/2025\/06\/OQ1A7377-196x326-c-default.jpg 2x\" \/>\n\t\t\t\t\t\t\t\t<img lazy\n\t\t\t\t\tdata-srcset=\"https:\/\/hernwood.com\/wp-content\/uploads\/2025\/06\/OQ1A7377-370x384-c-default.jpg 1x, https:\/\/hernwood.com\/wp-content\/uploads\/2025\/06\/OQ1A7377-740x768-c-default.jpg 2x\"\n\t\t\t\t\twidth=\"370\"\n\t\t\t\t\theight=\"384\"\n\t\t\t\t\tclass=\"img-fluid hero-image-item\"\n\t\t\t\t\talt=\"\" \/>\n\t\t\t<\/picture>\n\t\t\t\n\t\t\t\t\t<\/div>\n\t\t\t\t\t\t\t\t\t\t\t\t\t\t\t\t\t\t\t\t\t\t\t\t\t\t\n\t\t\t\t\t<div class=\"col-4\" data-aos=\"fade-up\" data-aos-delay=\"100\">\n\t\t\t\t\t\t\t\t\t\t\t\t<picture class=\"picture\">\n\t\t\t\t\t\t\t\t\t<source media=\"(max-width: 768px)\"\n\t\t\t\t\t\tdata-srcset=\"https:\/\/hernwood.com\/wp-content\/uploads\/2025\/06\/truck-working-field-sunny-day-98x202-c-default.jpg 1x, https:\/\/hernwood.com\/wp-content\/uploads\/2025\/06\/truck-working-field-sunny-day-196x404-c-default.jpg 2x\" \/>\n\t\t\t\t\t\t\t\t<img lazy\n\t\t\t\t\tdata-srcset=\"https:\/\/hernwood.com\/wp-content\/uploads\/2025\/06\/truck-working-field-sunny-day-370x512-c-default.jpg 1x, https:\/\/hernwood.com\/wp-content\/uploads\/2025\/06\/truck-working-field-sunny-day-740x1024-c-default.jpg 2x\"\n\t\t\t\t\twidth=\"370\"\n\t\t\t\t\theight=\"512\"\n\t\t\t\t\tclass=\"img-fluid hero-image-item\"\n\t\t\t\t\talt=\"\" \/>\n\t\t\t<\/picture>\n\t\t\t\n\t\t\t\t\t<\/div>\n\t\t\t\t\t\t\t\t\t\t\t\t\t\t\t\t\t\t\t\t\t\t\t\t\t\t\n\t\t\t\t\t<div class=\"col-4\" data-aos=\"fade-up\" data-aos-delay=\"200\">\n\t\t\t\t\t\t\t\t\t\t\t\t<picture class=\"picture\">\n\t\t\t\t\t\t\t\t\t<source media=\"(max-width: 768px)\"\n\t\t\t\t\t\tdata-srcset=\"https:\/\/hernwood.com\/wp-content\/uploads\/2025\/05\/zts-namestovo-edit-121-98x250-c-default.jpg 1x, https:\/\/hernwood.com\/wp-content\/uploads\/2025\/05\/zts-namestovo-edit-121-196x500-c-default.jpg 2x\" \/>\n\t\t\t\t\t\t\t\t<img lazy\n\t\t\t\t\tdata-srcset=\"https:\/\/hernwood.com\/wp-content\/uploads\/2025\/05\/zts-namestovo-edit-121-370x595-c-default.jpg 1x, https:\/\/hernwood.com\/wp-content\/uploads\/2025\/05\/zts-namestovo-edit-121-740x1190-c-default.jpg 2x\"\n\t\t\t\t\twidth=\"370\"\n\t\t\t\t\theight=\"595\"\n\t\t\t\t\tclass=\"img-fluid hero-image-item\"\n\t\t\t\t\talt=\"\" \/>\n\t\t\t<\/picture>\n\t\t\t\n\t\t\t\t\t<\/div>\n\t\t\t\t\t\t\t<\/div>\n\t\t\t\t\t<\/div>\n<\/section>\n\n\n<section class=\"number-list\">\n\t<div class=\"container\">\n\t\t\t\t\t<div class=\"mb-6\">\n\t\t\t\t\t\t\t\t\t<h2 class=\"h3 text-primary-dark text-center\" data-aos=\"fade-up\">\n\t\t\t\t\t\tWhat We Do\n\t\t\t\t\t<\/h2>\n\t\t\t\t\t\t\t<\/div>\n\t\t\n\t\t\t\t\t<div class=\"row row-gap-4 row-gap-lg-0 justify-content-center\">\n\t\t\t\t\t\t\t\t\t<div class=\"col-sm-6 col-lg-4\" data-aos=\"fade-up\">\n\t\t\t\t\t\t<div class=\"text-center number-list-item-circle d-flex flex-column gap-2 align-items-center\">\n\t\t\t\t\t\t\t<div class=\"number-list-item-num d-flex align-items-center justify-content-center\">\n\t\t\t\t\t\t\t\t<h3 class=\"fs-hd text-primary-dark\">\n\t\t\t\t\t\t\t\t\t01\n\t\t\t\t\t\t\t\t<\/h3>\n\t\t\t\t\t\t\t<\/div>\n\t\t\t\t\t\t\t\t\t\t\t\t\t\t\t<p class=\"fs-lg text-secondary\">\n\t\t\t\t\t\t\t\t\tWe invest in stable companies with a strong, clear vision that are looking for to grow their revenue or expand their market share.\n\t\t\t\t\t\t\t\t<\/p>\n\t\t\t\t\t\t\t\t\t\t\t\t\t<\/div>\n\t\t\t\t\t<\/div>\n\t\t\t\t\t\t\t\t\t<div class=\"col-sm-6 col-lg-4\" data-aos=\"fade-up\">\n\t\t\t\t\t\t<div class=\"text-center number-list-item-circle d-flex flex-column gap-2 align-items-center\">\n\t\t\t\t\t\t\t<div class=\"number-list-item-num d-flex align-items-center justify-content-center\">\n\t\t\t\t\t\t\t\t<h3 class=\"fs-hd text-primary-dark\">\n\t\t\t\t\t\t\t\t\t02\n\t\t\t\t\t\t\t\t<\/h3>\n\t\t\t\t\t\t\t<\/div>\n\t\t\t\t\t\t\t\t\t\t\t\t\t\t\t<p class=\"fs-lg text-secondary\">\n\t\t\t\t\t\t\t\t\tWe provide investments ranging from \u20ac0.5 million to \u20ac10 million.\n\t\t\t\t\t\t\t\t<\/p>\n\t\t\t\t\t\t\t\t\t\t\t\t\t<\/div>\n\t\t\t\t\t<\/div>\n\t\t\t\t\t\t\t\t\t<div class=\"col-sm-6 col-lg-4\" data-aos=\"fade-up\">\n\t\t\t\t\t\t<div class=\"text-center number-list-item-circle d-flex flex-column gap-2 align-items-center\">\n\t\t\t\t\t\t\t<div class=\"number-list-item-num d-flex align-items-center justify-content-center\">\n\t\t\t\t\t\t\t\t<h3 class=\"fs-hd text-primary-dark\">\n\t\t\t\t\t\t\t\t\t03\n\t\t\t\t\t\t\t\t<\/h3>\n\t\t\t\t\t\t\t<\/div>\n\t\t\t\t\t\t\t\t\t\t\t\t\t\t\t<p class=\"fs-lg text-secondary\">\n\t\t\t\t\t\t\t\t\tWe take an active role in company management and are prepared to assume responsibility at the C-level. \n\t\t\t\t\t\t\t\t<\/p>\n\t\t\t\t\t\t\t\t\t\t\t\t\t<\/div>\n\t\t\t\t\t<\/div>\n\t\t\t\t\t\t\t\t\t<div class=\"col-sm-6 col-lg-4\" data-aos=\"fade-up\">\n\t\t\t\t\t\t<div class=\"text-center number-list-item-circle d-flex flex-column gap-2 align-items-center\">\n\t\t\t\t\t\t\t<div class=\"number-list-item-num d-flex align-items-center justify-content-center\">\n\t\t\t\t\t\t\t\t<h3 class=\"fs-hd text-primary-dark\">\n\t\t\t\t\t\t\t\t\t04\n\t\t\t\t\t\t\t\t<\/h3>\n\t\t\t\t\t\t\t<\/div>\n\t\t\t\t\t\t\t\t\t\t\t\t\t\t\t<p class=\"fs-lg text-secondary\">\n\t\t\t\t\t\t\t\t\tWe specialize in the industrial and engineering manufacturing sector, while also investing in retail, FMCG, and innovative technologies.\n\t\t\t\t\t\t\t\t<\/p>\n\t\t\t\t\t\t\t\t\t\t\t\t\t<\/div>\n\t\t\t\t\t<\/div>\n\t\t\t\t\t\t\t\t\t<div class=\"col-sm-6 col-lg-4\" data-aos=\"fade-up\">\n\t\t\t\t\t\t<div class=\"text-center number-list-item-circle d-flex flex-column gap-2 align-items-center\">\n\t\t\t\t\t\t\t<div class=\"number-list-item-num d-flex align-items-center justify-content-center\">\n\t\t\t\t\t\t\t\t<h3 class=\"fs-hd text-primary-dark\">\n\t\t\t\t\t\t\t\t\t05\n\t\t\t\t\t\t\t\t<\/h3>\n\t\t\t\t\t\t\t<\/div>\n\t\t\t\t\t\t\t\t\t\t\t\t\t\t\t<p class=\"fs-lg text-secondary\">\n\t\t\t\t\t\t\t\t\tWe focus on companies based in the Slovak Republic and the Czech Republic.\n\t\t\t\t\t\t\t\t<\/p>\n\t\t\t\t\t\t\t\t\t\t\t\t\t<\/div>\n\t\t\t\t\t<\/div>\n\t\t\t\t\t\t\t<\/div>\n\t\t\t<\/div>\n<\/section>\n\n\n\n<section class=\"image-with-text\">\n\t<div class=\"container\">\n\t\t<div class=\"row row-gap-4 \">\n\t\t\t\t\t\t\t<div class=\"col-lg-6\" data-aos=\"fade-right\">\n\t\t\t\t\t\t\t\t\t\t\t<picture class=\"picture\">\n\t\t\t\t\t\t\t\t<img lazy\n\t\t\t\t\tdata-srcset=\"https:\/\/hernwood.com\/wp-content\/uploads\/2025\/05\/Hernwood_Office_ORG_LOOK_017-570x570-c-default.jpg 1x, https:\/\/hernwood.com\/wp-content\/uploads\/2025\/05\/Hernwood_Office_ORG_LOOK_017-1140x1140-c-default.jpg 2x\"\n\t\t\t\t\twidth=\"570\"\n\t\t\t\t\theight=\"570\"\n\t\t\t\t\tclass=\"img-fluid image-with-text-image\"\n\t\t\t\t\talt=\"\" \/>\n\t\t\t<\/picture>\n\t\t\t\n\t\t\t\t\t\t\t\t\t<\/div>\n\t\t\t\t\t\t<div class=\"col-lg-6 d-flex flex-column gap-4 align-items-start\">\n\t\t\t\t<div class=\"ps-lg-6 ms-lg-1\">\n\t\t\t\t\t<div class=\"d-flex flex-column gap-4 gap-lg-6\">\n\t\t\t\t\t\t\t\t\t\t\t\t\t\t\t\t\t\t\t\t\t<span class=\"fs-sm fw-semibold ff-primary text-primary-dark text-uppercase ln-space\" data-aos=\"fade-up\">Our Investment Criteria<\/span>\n\t\t\t\t\t\t\t\t\t\t\t\t\t\t\t\t\t\t\t\n\t\t\t\t\t\t\t\t\t\t\t\t\t<div class=\"d-flex flex-column gap-3 gap-lg-6\">\n\t\t\t\t\t\t\t\t\t\t\t\t\t\t\t\t\t<div class=\"d-flex flex-column gap-2\" data-aos=\"fade-up\">\n\t\t\t\t\t\t\t\t\t\t\t\t\t\t\t\t\t\t\t\t\t<h4 class=\"text-primary-dark\">\n\t\t\t\t\t\t\t\t\t\t\t\tBasic Framework\n\t\t\t\t\t\t\t\t\t\t\t<\/h4>\n\t\t\t\t\t\t\t\t\t\t\t\t\t\t\t\t\t\t\t\t\t\t\t\t\t\t\t\t\t\t\t<p class=\"fs-lg text-secondary\">\n\t\t\t\t\t\t\t\t\t\t\t\tWe invest in companies that are independent of state-funded projects and do not operate in sectors where government regulation has a decisive impact on performance.\n\t\t\t\t\t\t\t\t\t\t\t<\/p>\n\t\t\t\t\t\t\t\t\t\t\t\t\t\t\t\t\t\t\t<\/div>\n\t\t\t\t\t\t\t\t\t\t\t\t\t\t\t\t\t<div class=\"d-flex flex-column gap-2\" data-aos=\"fade-up\">\n\t\t\t\t\t\t\t\t\t\t\t\t\t\t\t\t\t\t\t\t\t<h4 class=\"text-primary-dark\">\n\t\t\t\t\t\t\t\t\t\t\t\tIndustry\n\t\t\t\t\t\t\t\t\t\t\t<\/h4>\n\t\t\t\t\t\t\t\t\t\t\t\t\t\t\t\t\t\t\t\t\t\t\t\t\t\t\t\t\t\t\t<p class=\"fs-lg text-secondary\">\n\t\t\t\t\t\t\t\t\t\t\t\tWe primarily seek investments in the industrial and manufacturing sectors.\n\t\t\t\t\t\t\t\t\t\t\t<\/p>\n\t\t\t\t\t\t\t\t\t\t\t\t\t\t\t\t\t\t\t<\/div>\n\t\t\t\t\t\t\t\t\t\t\t\t\t\t\t\t\t<div class=\"d-flex flex-column gap-2\" data-aos=\"fade-up\">\n\t\t\t\t\t\t\t\t\t\t\t\t\t\t\t\t\t\t\t\t\t<h4 class=\"text-primary-dark\">\n\t\t\t\t\t\t\t\t\t\t\t\tCompany Size\n\t\t\t\t\t\t\t\t\t\t\t<\/h4>\n\t\t\t\t\t\t\t\t\t\t\t\t\t\t\t\t\t\t\t\t\t\t\t\t\t\t\t\t\t\t\t<p class=\"fs-lg text-secondary\">\n\t\t\t\t\t\t\t\t\t\t\t\tWe focus on companies with a turnover between from \u20ac1 million to \u20ac10 million and strong growth potential.\n\t\t\t\t\t\t\t\t\t\t\t<\/p>\n\t\t\t\t\t\t\t\t\t\t\t\t\t\t\t\t\t\t\t<\/div>\n\t\t\t\t\t\t\t\t\t\t\t\t\t\t\t<\/div>\n\t\t\t\t\t\t\t\t\t\t\t<\/div>\n\t\t\t\t\t\t\t\t\t<\/div>\n\t\t\t<\/div>\n\t\t<\/div>\n\t<\/div>\n<\/section>\n\n\n\n<section class=\"benefits\">\n\t<div class=\"container d-flex flex-column benefits-gap\">\n\t\t\t\t\t<div class=\"text-center\" data-aos=\"fade-up\">\n\t\t\t\t<h2 class=\"h3 text-primary-dark\">Why Us<\/h2>\n\t\t\t<\/div>\n\t\t\n\t\t<div class=\"row row-gap-3\">\n\t\t\t\t\t\t\t<div class=\"col-md-6 col-lg-3 benefits-item\" data-aos=\"fade-up\" data-aos-delay=\"000\">\n\t\t\t\t\t<div class=\"benefits-item-wrapper h-100 d-flex flex-column gap-2 gap-lg-5-half\">\n\t\t\t\t\t\t\t\t\t\t\t\t\t\t\t\t\t\t\t<object class=\" benefits-item-image\"\n\t\t\t\twidth=\"60\"\n\t\t\t\theight=\"60\"\n\t\t\t\tlazy\n\t\t\t\ttype=\"image\/svg+xml\"\n\t\t\t\tdata-src=\"https:\/\/hernwood.com\/wp-content\/uploads\/2024\/07\/chart.svg\"\n\t\t\t\talt=\"\"><\/object>\n\t\t\t\n\t\t\t\t\t\t\t\t\t\t\t\t<div class=\"d-flex flex-column gap-1\">\n\t\t\t\t\t\t\t\t\t\t\t\t\t\t\t<div class=\"benefits-item-title text-primary-dark\">\n\t\t\t\t\t\t\t\t\t<h3 class=\"h4\">Years of Experience<\/h3>\n\t\t\t\t\t\t\t\t<\/div>\n\t\t\t\t\t\t\t\n\t\t\t\t\t\t\t\t\t\t\t\t\t\t\t<p class=\"text-secondary fs-lg\">\n\t\t\t\t\t\t\t\t\tWe have been actively investing and involved in company management since 2005. We continuously improve our processes and invest in ongoing learning to achieve our goals as effectively as possible.\n\t\t\t\t\t\t\t\t<\/p>\n\t\t\t\t\t\t\t\t\t\t\t\t\t<\/div>\n\t\t\t\t\t<\/div>\n\t\t\t\t<\/div>\n\t\t\t\t\t\t\t<div class=\"col-md-6 col-lg-3 benefits-item\" data-aos=\"fade-up\" data-aos-delay=\"100\">\n\t\t\t\t\t<div class=\"benefits-item-wrapper h-100 d-flex flex-column gap-2 gap-lg-5-half\">\n\t\t\t\t\t\t\t\t\t\t\t\t\t\t\t\t\t\t\t<object class=\" benefits-item-image\"\n\t\t\t\twidth=\"60\"\n\t\t\t\theight=\"60\"\n\t\t\t\tlazy\n\t\t\t\ttype=\"image\/svg+xml\"\n\t\t\t\tdata-src=\"https:\/\/hernwood.com\/wp-content\/uploads\/2024\/07\/wallet-money.svg\"\n\t\t\t\talt=\"\"><\/object>\n\t\t\t\n\t\t\t\t\t\t\t\t\t\t\t\t<div class=\"d-flex flex-column gap-1\">\n\t\t\t\t\t\t\t\t\t\t\t\t\t\t\t<div class=\"benefits-item-title text-primary-dark\">\n\t\t\t\t\t\t\t\t\t<h3 class=\"h4\">Long-Term Investments<\/h3>\n\t\t\t\t\t\t\t\t<\/div>\n\t\t\t\t\t\t\t\n\t\t\t\t\t\t\t\t\t\t\t\t\t\t\t<p class=\"text-secondary fs-lg\">\n\t\t\t\t\t\t\t\t\tAlthough we are prepared to exit a project at the right time, our focus is on long-term value creation &#8211; as reflected in the length of our active involvement in each project. \n\t\t\t\t\t\t\t\t<\/p>\n\t\t\t\t\t\t\t\t\t\t\t\t\t<\/div>\n\t\t\t\t\t<\/div>\n\t\t\t\t<\/div>\n\t\t\t\t\t\t\t<div class=\"col-md-6 col-lg-3 benefits-item\" data-aos=\"fade-up\" data-aos-delay=\"200\">\n\t\t\t\t\t<div class=\"benefits-item-wrapper h-100 d-flex flex-column gap-2 gap-lg-5-half\">\n\t\t\t\t\t\t\t\t\t\t\t\t\t\t\t\t\t\t\t<object class=\" benefits-item-image\"\n\t\t\t\twidth=\"60\"\n\t\t\t\theight=\"60\"\n\t\t\t\tlazy\n\t\t\t\ttype=\"image\/svg+xml\"\n\t\t\t\tdata-src=\"https:\/\/hernwood.com\/wp-content\/uploads\/2024\/07\/graph.svg\"\n\t\t\t\talt=\"\"><\/object>\n\t\t\t\n\t\t\t\t\t\t\t\t\t\t\t\t<div class=\"d-flex flex-column gap-1\">\n\t\t\t\t\t\t\t\t\t\t\t\t\t\t\t<div class=\"benefits-item-title text-primary-dark\">\n\t\t\t\t\t\t\t\t\t<h3 class=\"h4\">Strong Values<\/h3>\n\t\t\t\t\t\t\t\t<\/div>\n\t\t\t\t\t\t\t\n\t\t\t\t\t\t\t\t\t\t\t\t\t\t\t<p class=\"text-secondary fs-lg\">\n\t\t\t\t\t\t\t\t\tOur values are rooted in directness, transparency, innovation, sustainability, and the human side of business.\n\t\t\t\t\t\t\t\t<\/p>\n\t\t\t\t\t\t\t\t\t\t\t\t\t<\/div>\n\t\t\t\t\t<\/div>\n\t\t\t\t<\/div>\n\t\t\t\t\t\t\t<div class=\"col-md-6 col-lg-3 benefits-item\" data-aos=\"fade-up\" data-aos-delay=\"300\">\n\t\t\t\t\t<div class=\"benefits-item-wrapper h-100 d-flex flex-column gap-2 gap-lg-5-half\">\n\t\t\t\t\t\t\t\t\t\t\t\t\t\t\t\t\t\t\t<object class=\" benefits-item-image\"\n\t\t\t\twidth=\"60\"\n\t\t\t\theight=\"60\"\n\t\t\t\tlazy\n\t\t\t\ttype=\"image\/svg+xml\"\n\t\t\t\tdata-src=\"https:\/\/hernwood.com\/wp-content\/uploads\/2024\/07\/status-up.svg\"\n\t\t\t\talt=\"\"><\/object>\n\t\t\t\n\t\t\t\t\t\t\t\t\t\t\t\t<div class=\"d-flex flex-column gap-1\">\n\t\t\t\t\t\t\t\t\t\t\t\t\t\t\t<div class=\"benefits-item-title text-primary-dark\">\n\t\t\t\t\t\t\t\t\t<h3 class=\"h4\">Achieved Results<\/h3>\n\t\t\t\t\t\t\t\t<\/div>\n\t\t\t\t\t\t\t\n\t\t\t\t\t\t\t\t\t\t\t\t\t\t\t<p class=\"text-secondary fs-lg\">\n\t\t\t\t\t\t\t\t\tWe identify opportunities and limitations and define the right strategies to turn a company into a high-value asset. We bring structure, system, and a holistic perspective on the business.\n\t\t\t\t\t\t\t\t<\/p>\n\t\t\t\t\t\t\t\t\t\t\t\t\t<\/div>\n\t\t\t\t\t<\/div>\n\t\t\t\t<\/div>\n\t\t\t\t\t<\/div>\n\t<\/div>\n<\/section>\n\n\n\n<section class=\"cta-navigation px-xxl-4\">\n\t<div class=\"row g-0\">\n\t\t\t\t\t<div data-aos=\"fade-up\"\n\t\t\t\tclass=\"col-lg-6 cta-navigation-item text-center d-flex align-items-center justify-content-center py-4 py-lg-6 bg-primary\">\n\t\t\t\t<div class=\"cta-navigation-item-wrapper d-flex flex-column gap-3\">\n\t\t\t\t\t<div class=\"d-flex flex-column gap-2\">\n\t\t\t\t\t\t\t\t\t\t\t\t\t<span class=\"text-shine fs-sm fw-semibold text-uppercase ln-space\">contact<\/span>\n\t\t\t\t\t\t\t\t\t\t\t\t\t\t\t\t\t\t\t<h2 class=\"h3 text-white\">\n\t\t\t\t\t\t\t\tRely on our experience\n\t\t\t\t\t\t\t<\/h2>\n\t\t\t\t\t\t\t\t\t\t\t<\/div>\n\t\t\t\t\t\t\t\t\t\t\t<div>\n\t\t\t\t\t\t\t\n\t<a href=\"\/kontakt\/\"\n\t\taria-label=\"Schedule a Meeting\"\n\t\t\n\t\tclass=\"btn btn-outline-white\">\n\t\t\t\t\tSchedule a Meeting\n\t\t\t<\/a>\n\n\t\t\t\t\t\t<\/div>\n\t\t\t\t\t\t\t\t\t<\/div>\n\t\t\t<\/div>\n\t\t\t\t\t<div data-aos=\"fade-up\"\n\t\t\t\tclass=\"col-lg-6 cta-navigation-item text-center d-flex align-items-center justify-content-center py-4 py-lg-6 bg-primary-light\">\n\t\t\t\t<div class=\"cta-navigation-item-wrapper d-flex flex-column gap-3\">\n\t\t\t\t\t<div class=\"d-flex flex-column gap-2\">\n\t\t\t\t\t\t\t\t\t\t\t\t\t<span class=\"text-shine fs-sm fw-semibold text-uppercase ln-space\">portfolio<\/span>\n\t\t\t\t\t\t\t\t\t\t\t\t\t\t\t\t\t\t\t<h2 class=\"h3 text-white\">\n\t\t\t\t\t\t\t\tOur results speak for themselves\n\t\t\t\t\t\t\t<\/h2>\n\t\t\t\t\t\t\t\t\t\t\t<\/div>\n\t\t\t\t\t\t\t\t\t\t\t<div>\n\t\t\t\t\t\t\t\n\t<a href=\"\/projekty\/\"\n\t\taria-label=\"Our Projects\"\n\t\t\n\t\tclass=\"btn btn-outline-white\">\n\t\t\t\t\tOur Projects\n\t\t\t<\/a>\n\n\t\t\t\t\t\t<\/div>\n\t\t\t\t\t\t\t\t\t<\/div>\n\t\t\t<\/div>\n\t\t\t<\/div>\n<\/section>\n","protected":false},"excerpt":{"rendered":"","protected":false},"author":4,"featured_media":0,"parent":0,"menu_order":0,"comment_status":"closed","ping_status":"closed","template":"","meta":{"_acf_changed":false,"footnotes":""},"class_list":["post-1134","page","type-page","status-publish","hentry"],"acf":[],"yoast_head":"<!-- This site is optimized with the Yoast SEO plugin v23.9 - https:\/\/yoast.com\/wordpress\/plugins\/seo\/ -->\n<title>Ako investujeme | HERNWOOD<\/title>\n<meta name=\"robots\" content=\"index, follow, max-snippet:-1, max-image-preview:large, max-video-preview:-1\" \/>\n<link rel=\"canonical\" href=\"https:\/\/hernwood.com\/en\/ako-investujeme\/\" \/>\n<meta property=\"og:locale\" content=\"en_US\" \/>\n<meta property=\"og:type\" content=\"article\" \/>\n<meta property=\"og:title\" content=\"Ako investujeme | HERNWOOD\" \/>\n<meta property=\"og:url\" content=\"https:\/\/hernwood.com\/en\/ako-investujeme\/\" \/>\n<meta property=\"og:site_name\" content=\"HERNWOOD\" \/>\n<meta property=\"article:modified_time\" content=\"2025-06-22T13:01:18+00:00\" \/>\n<meta name=\"twitter:card\" content=\"summary_large_image\" \/>\n<script type=\"application\/ld+json\" class=\"yoast-schema-graph\">{\"@context\":\"https:\/\/schema.org\",\"@graph\":[{\"@type\":\"WebPage\",\"@id\":\"https:\/\/hernwood.com\/en\/ako-investujeme\/\",\"url\":\"https:\/\/hernwood.com\/en\/ako-investujeme\/\",\"name\":\"Ako investujeme | HERNWOOD\",\"isPartOf\":{\"@id\":\"https:\/\/hernwood.com\/en\/#website\"},\"datePublished\":\"2025-05-30T14:18:08+00:00\",\"dateModified\":\"2025-06-22T13:01:18+00:00\",\"breadcrumb\":{\"@id\":\"https:\/\/hernwood.com\/en\/ako-investujeme\/#breadcrumb\"},\"inLanguage\":\"en-US\",\"potentialAction\":[{\"@type\":\"ReadAction\",\"target\":[\"https:\/\/hernwood.com\/en\/ako-investujeme\/\"]}]},{\"@type\":\"BreadcrumbList\",\"@id\":\"https:\/\/hernwood.com\/en\/ako-investujeme\/#breadcrumb\",\"itemListElement\":[{\"@type\":\"ListItem\",\"position\":1,\"name\":\"Home\",\"item\":\"https:\/\/hernwood.com\/en\/\"},{\"@type\":\"ListItem\",\"position\":2,\"name\":\"Ako investujeme\"}]},{\"@type\":\"WebSite\",\"@id\":\"https:\/\/hernwood.com\/en\/#website\",\"url\":\"https:\/\/hernwood.com\/en\/\",\"name\":\"HERNWOOD\",\"description\":\"Pom\u00e1hame firm\u00e1m r\u00e1s\u0165 a plni\u0165 ich ciele\",\"publisher\":{\"@id\":\"https:\/\/hernwood.com\/en\/#organization\"},\"potentialAction\":[{\"@type\":\"SearchAction\",\"target\":{\"@type\":\"EntryPoint\",\"urlTemplate\":\"https:\/\/hernwood.com\/en\/?s={search_term_string}\"},\"query-input\":{\"@type\":\"PropertyValueSpecification\",\"valueRequired\":true,\"valueName\":\"search_term_string\"}}],\"inLanguage\":\"en-US\"},{\"@type\":\"Organization\",\"@id\":\"https:\/\/hernwood.com\/en\/#organization\",\"name\":\"Hernwood\",\"url\":\"https:\/\/hernwood.com\/en\/\",\"logo\":{\"@type\":\"ImageObject\",\"inLanguage\":\"en-US\",\"@id\":\"https:\/\/hernwood.com\/en\/#\/schema\/logo\/image\/\",\"url\":\"https:\/\/hernwood.com\/wp-content\/uploads\/2025\/07\/hernwood-logo.svg\",\"contentUrl\":\"https:\/\/hernwood.com\/wp-content\/uploads\/2025\/07\/hernwood-logo.svg\",\"width\":1,\"height\":1,\"caption\":\"Hernwood\"},\"image\":{\"@id\":\"https:\/\/hernwood.com\/en\/#\/schema\/logo\/image\/\"}}]}<\/script>\n<!-- \/ Yoast SEO plugin. -->","yoast_head_json":{"title":"Ako investujeme | HERNWOOD","robots":{"index":"index","follow":"follow","max-snippet":"max-snippet:-1","max-image-preview":"max-image-preview:large","max-video-preview":"max-video-preview:-1"},"canonical":"https:\/\/hernwood.com\/en\/ako-investujeme\/","og_locale":"en_US","og_type":"article","og_title":"Ako investujeme | HERNWOOD","og_url":"https:\/\/hernwood.com\/en\/ako-investujeme\/","og_site_name":"HERNWOOD","article_modified_time":"2025-06-22T13:01:18+00:00","twitter_card":"summary_large_image","schema":{"@context":"https:\/\/schema.org","@graph":[{"@type":"WebPage","@id":"https:\/\/hernwood.com\/en\/ako-investujeme\/","url":"https:\/\/hernwood.com\/en\/ako-investujeme\/","name":"Ako investujeme | HERNWOOD","isPartOf":{"@id":"https:\/\/hernwood.com\/en\/#website"},"datePublished":"2025-05-30T14:18:08+00:00","dateModified":"2025-06-22T13:01:18+00:00","breadcrumb":{"@id":"https:\/\/hernwood.com\/en\/ako-investujeme\/#breadcrumb"},"inLanguage":"en-US","potentialAction":[{"@type":"ReadAction","target":["https:\/\/hernwood.com\/en\/ako-investujeme\/"]}]},{"@type":"BreadcrumbList","@id":"https:\/\/hernwood.com\/en\/ako-investujeme\/#breadcrumb","itemListElement":[{"@type":"ListItem","position":1,"name":"Home","item":"https:\/\/hernwood.com\/en\/"},{"@type":"ListItem","position":2,"name":"Ako investujeme"}]},{"@type":"WebSite","@id":"https:\/\/hernwood.com\/en\/#website","url":"https:\/\/hernwood.com\/en\/","name":"HERNWOOD","description":"Pom\u00e1hame firm\u00e1m r\u00e1s\u0165 a plni\u0165 ich ciele","publisher":{"@id":"https:\/\/hernwood.com\/en\/#organization"},"potentialAction":[{"@type":"SearchAction","target":{"@type":"EntryPoint","urlTemplate":"https:\/\/hernwood.com\/en\/?s={search_term_string}"},"query-input":{"@type":"PropertyValueSpecification","valueRequired":true,"valueName":"search_term_string"}}],"inLanguage":"en-US"},{"@type":"Organization","@id":"https:\/\/hernwood.com\/en\/#organization","name":"Hernwood","url":"https:\/\/hernwood.com\/en\/","logo":{"@type":"ImageObject","inLanguage":"en-US","@id":"https:\/\/hernwood.com\/en\/#\/schema\/logo\/image\/","url":"https:\/\/hernwood.com\/wp-content\/uploads\/2025\/07\/hernwood-logo.svg","contentUrl":"https:\/\/hernwood.com\/wp-content\/uploads\/2025\/07\/hernwood-logo.svg","width":1,"height":1,"caption":"Hernwood"},"image":{"@id":"https:\/\/hernwood.com\/en\/#\/schema\/logo\/image\/"}}]}},"_links":{"self":[{"href":"https:\/\/hernwood.com\/en\/wp-json\/wp\/v2\/pages\/1134","targetHints":{"allow":["GET"]}}],"collection":[{"href":"https:\/\/hernwood.com\/en\/wp-json\/wp\/v2\/pages"}],"about":[{"href":"https:\/\/hernwood.com\/en\/wp-json\/wp\/v2\/types\/page"}],"author":[{"embeddable":true,"href":"https:\/\/hernwood.com\/en\/wp-json\/wp\/v2\/users\/4"}],"replies":[{"embeddable":true,"href":"https:\/\/hernwood.com\/en\/wp-json\/wp\/v2\/comments?post=1134"}],"version-history":[{"count":0,"href":"https:\/\/hernwood.com\/en\/wp-json\/wp\/v2\/pages\/1134\/revisions"}],"wp:attachment":[{"href":"https:\/\/hernwood.com\/en\/wp-json\/wp\/v2\/media?parent=1134"}],"curies":[{"name":"wp","href":"https:\/\/api.w.org\/{rel}","templated":true}]}}