{"id":1136,"date":"2024-07-13T11:50:05","date_gmt":"2024-07-13T09:50:05","guid":{"rendered":"https:\/\/hernwood.com\/kariera\/"},"modified":"2025-08-12T09:20:32","modified_gmt":"2025-08-12T07:20:32","slug":"kariera","status":"publish","type":"page","link":"https:\/\/hernwood.com\/en\/kariera\/","title":{"rendered":"Career"},"content":{"rendered":"<section class=\"hero bg-primary-dark hero--ofset  \">\n\t<div class=\"hero-wrapper\"><\/div>\n\t<div class=\"container position-relative z-1\">\n\t\t<div class=\"row row-gap-3 justify-content-center align-items-center\">\n\t\t\t\t\t\t\t<div class=\"col-lg-10 align-items-center d-flex flex-column gap-4 align-items-start\">\n\t\t\t\t\t<div class=\"d-flex flex-column gap-2 text-center\">\n\t\t\t\t\t\t<div class=\"d-flex flex-column gap-2-half gap-lg-3\">\n\t\t\t\t\t\t\t\t\t\t\t\t\t\t\t<span class=\"fs-sm fw-bold text-uppercase text-shine\" data-aos=\"fade-up\">Career<\/span>\n\t\t\t\t\t\t\t\t\t\t\t\t\t\t\t\t\t\t\t\t\t\t<h1 class=\"text-white\" data-aos=\"fade-up\">\n\t\t\t\t\t\t\t\t\tWould you like to join <br \/> one of our teams?\n\t\t\t\t\t\t\t\t<\/h1>\n\t\t\t\t\t\t\t\t\t\t\t\t\t<\/div>\n\t\t\t\t\t\t\t\t\t\t\t<\/div>\n\t\t\t\t\t\t\t\t\t<\/div>\n\t\t\t\t\t\t\t\t<\/div>\n\t\t\t\t\t\t\t\t\t\t\t<div class=\"row g-1-half g-lg-3 hero-images-bottom\">\n\t\t\t\t\t<div class=\"col-5\">\n\t\t\t\t\t\t<div data-aos=\"fade-up\" data-aos-delay=\"000\">\n\t\t\t\t\t\t\t\t\t\t\t\t\t<picture class=\"picture\">\n\t\t\t\t\t\t\t\t<img lazy\n\t\t\t\t\tdata-srcset=\"https:\/\/hernwood.com\/wp-content\/uploads\/2025\/05\/Hernwood_Office_ORG_LOOK_006-470x570-c-default.jpg 1x, https:\/\/hernwood.com\/wp-content\/uploads\/2025\/05\/Hernwood_Office_ORG_LOOK_006-940x1140-c-default.jpg 2x\"\n\t\t\t\t\twidth=\"470\"\n\t\t\t\t\theight=\"570\"\n\t\t\t\t\tclass=\"img-fluid hero-image-item\"\n\t\t\t\t\talt=\"\" \/>\n\t\t\t<\/picture>\n\t\t\t\n\t\t\t\t\t\t<\/div>\n\t\t\t\t\t<\/div>\n\n\t\t\t\t\t<div class=\"col-7\">\n\t\t\t\t\t\t<div data-aos=\"fade-up\" data-aos-delay=\"100\">\n\t\t\t\t\t\t\t\t\t\t\t\t\t<picture class=\"picture\">\n\t\t\t\t\t\t\t\t<img lazy\n\t\t\t\t\tdata-srcset=\"https:\/\/hernwood.com\/wp-content\/uploads\/2025\/05\/Hernwood_Office_ORG_LOOK_018-670x570-c-default.jpg 1x, https:\/\/hernwood.com\/wp-content\/uploads\/2025\/05\/Hernwood_Office_ORG_LOOK_018-1340x1140-c-default.jpg 2x\"\n\t\t\t\t\twidth=\"670\"\n\t\t\t\t\theight=\"570\"\n\t\t\t\t\tclass=\"img-fluid hero-image-item\"\n\t\t\t\t\talt=\"\" \/>\n\t\t\t<\/picture>\n\t\t\t\n\t\t\t\t\t\t<\/div>\n\t\t\t\t\t<\/div>\n\t\t\t\t<\/div>\n\t\t\t\t\t\t<\/div>\n<\/section>\n\n\n\n<section class=\"benefits\">\n\t<div class=\"container d-flex flex-column benefits-gap\">\n\t\t\n\t\t<div class=\"row row-gap-3\">\n\t\t\t\t\t\t\t<div class=\"col-md-6 col-lg-3 benefits-item\" data-aos=\"fade-up\" data-aos-delay=\"000\">\n\t\t\t\t\t<div class=\"benefits-item-wrapper h-100 d-flex flex-column gap-2 gap-lg-5-half\">\n\t\t\t\t\t\t\t\t\t\t\t\t\t\t\t\t\t\t\t<object class=\" benefits-item-image\"\n\t\t\t\twidth=\"60\"\n\t\t\t\theight=\"60\"\n\t\t\t\tlazy\n\t\t\t\ttype=\"image\/svg+xml\"\n\t\t\t\tdata-src=\"https:\/\/hernwood.com\/wp-content\/uploads\/2024\/07\/chart.svg\"\n\t\t\t\talt=\"\"><\/object>\n\t\t\t\n\t\t\t\t\t\t\t\t\t\t\t\t<div class=\"d-flex flex-column gap-1\">\n\t\t\t\t\t\t\t\t\t\t\t\t\t\t\t<div class=\"benefits-item-title text-primary-dark\">\n\t\t\t\t\t\t\t\t\t<h3 class=\"h4\">Directness<\/h3>\n\t\t\t\t\t\t\t\t<\/div>\n\t\t\t\t\t\t\t\n\t\t\t\t\t\t\t\t\t\t\t\t\t\t\t<p class=\"text-secondary fs-lg\">\n\t\t\t\t\t\t\t\t\tWe value time and communicate clearly, directly, and without unnecessary embellishments. We understand that time is a valuable resource \u2013 and we treat it with respect.\n\t\t\t\t\t\t\t\t<\/p>\n\t\t\t\t\t\t\t\t\t\t\t\t\t<\/div>\n\t\t\t\t\t<\/div>\n\t\t\t\t<\/div>\n\t\t\t\t\t\t\t<div class=\"col-md-6 col-lg-3 benefits-item\" data-aos=\"fade-up\" data-aos-delay=\"100\">\n\t\t\t\t\t<div class=\"benefits-item-wrapper h-100 d-flex flex-column gap-2 gap-lg-5-half\">\n\t\t\t\t\t\t\t\t\t\t\t\t\t\t\t\t\t\t\t<object class=\" benefits-item-image\"\n\t\t\t\twidth=\"60\"\n\t\t\t\theight=\"60\"\n\t\t\t\tlazy\n\t\t\t\ttype=\"image\/svg+xml\"\n\t\t\t\tdata-src=\"https:\/\/hernwood.com\/wp-content\/uploads\/2024\/07\/wallet-money.svg\"\n\t\t\t\talt=\"\"><\/object>\n\t\t\t\n\t\t\t\t\t\t\t\t\t\t\t\t<div class=\"d-flex flex-column gap-1\">\n\t\t\t\t\t\t\t\t\t\t\t\t\t\t\t<div class=\"benefits-item-title text-primary-dark\">\n\t\t\t\t\t\t\t\t\t<h3 class=\"h4\">Transparency<\/h3>\n\t\t\t\t\t\t\t\t<\/div>\n\t\t\t\t\t\t\t\n\t\t\t\t\t\t\t\t\t\t\t\t\t\t\t<p class=\"text-secondary fs-lg\">\n\t\t\t\t\t\t\t\t\tWe hide nothing \u2013 we always present accurate data and truthful information. We expect the same level of honesty from our partners.\n\t\t\t\t\t\t\t\t<\/p>\n\t\t\t\t\t\t\t\t\t\t\t\t\t<\/div>\n\t\t\t\t\t<\/div>\n\t\t\t\t<\/div>\n\t\t\t\t\t\t\t<div class=\"col-md-6 col-lg-3 benefits-item\" data-aos=\"fade-up\" data-aos-delay=\"200\">\n\t\t\t\t\t<div class=\"benefits-item-wrapper h-100 d-flex flex-column gap-2 gap-lg-5-half\">\n\t\t\t\t\t\t\t\t\t\t\t\t\t\t\t\t\t\t\t<object class=\" benefits-item-image\"\n\t\t\t\twidth=\"60\"\n\t\t\t\theight=\"60\"\n\t\t\t\tlazy\n\t\t\t\ttype=\"image\/svg+xml\"\n\t\t\t\tdata-src=\"https:\/\/hernwood.com\/wp-content\/uploads\/2024\/07\/graph.svg\"\n\t\t\t\talt=\"\"><\/object>\n\t\t\t\n\t\t\t\t\t\t\t\t\t\t\t\t<div class=\"d-flex flex-column gap-1\">\n\t\t\t\t\t\t\t\t\t\t\t\t\t\t\t<div class=\"benefits-item-title text-primary-dark\">\n\t\t\t\t\t\t\t\t\t<h3 class=\"h4\">Innovation<\/h3>\n\t\t\t\t\t\t\t\t<\/div>\n\t\t\t\t\t\t\t\n\t\t\t\t\t\t\t\t\t\t\t\t\t\t\t<p class=\"text-secondary fs-lg\">\n\t\t\t\t\t\t\t\t\tInnovative solutions guide our investment decisions and support the growth of businesses. Our goal is to help them become leaders in their industries.\n\t\t\t\t\t\t\t\t<\/p>\n\t\t\t\t\t\t\t\t\t\t\t\t\t<\/div>\n\t\t\t\t\t<\/div>\n\t\t\t\t<\/div>\n\t\t\t\t\t\t\t<div class=\"col-md-6 col-lg-3 benefits-item\" data-aos=\"fade-up\" data-aos-delay=\"300\">\n\t\t\t\t\t<div class=\"benefits-item-wrapper h-100 d-flex flex-column gap-2 gap-lg-5-half\">\n\t\t\t\t\t\t\t\t\t\t\t\t\t\t\t\t\t\t\t<object class=\" benefits-item-image\"\n\t\t\t\twidth=\"60\"\n\t\t\t\theight=\"60\"\n\t\t\t\tlazy\n\t\t\t\ttype=\"image\/svg+xml\"\n\t\t\t\tdata-src=\"https:\/\/hernwood.com\/wp-content\/uploads\/2024\/07\/status-up.svg\"\n\t\t\t\talt=\"\"><\/object>\n\t\t\t\n\t\t\t\t\t\t\t\t\t\t\t\t<div class=\"d-flex flex-column gap-1\">\n\t\t\t\t\t\t\t\t\t\t\t\t\t\t\t<div class=\"benefits-item-title text-primary-dark\">\n\t\t\t\t\t\t\t\t\t<h3 class=\"h4\">Sustainability<\/h3>\n\t\t\t\t\t\t\t\t<\/div>\n\t\t\t\t\t\t\t\n\t\t\t\t\t\t\t\t\t\t\t\t\t\t\t<p class=\"text-secondary fs-lg\">\n\t\t\t\t\t\t\t\t\tWe care deeply about job creation and stability, community well-being, quality of life, and the environment in the regions where we operate.\n\t\t\t\t\t\t\t\t<\/p>\n\t\t\t\t\t\t\t\t\t\t\t\t\t<\/div>\n\t\t\t\t\t<\/div>\n\t\t\t\t<\/div>\n\t\t\t\t\t<\/div>\n\t<\/div>\n<\/section>\n\n\n\n<section class=\"image-with-text\">\n\t<div class=\"container\">\n\t\t<div class=\"row row-gap-4 \">\n\t\t\t\t\t\t\t<div class=\"col-lg-6\" data-aos=\"fade-right\">\n\t\t\t\t\t\t\t\t\t\t\t<picture class=\"picture\">\n\t\t\t\t\t\t\t\t<img lazy\n\t\t\t\t\tdata-srcset=\"https:\/\/hernwood.com\/wp-content\/uploads\/2025\/06\/IMG_3083-570x670-c-default.jpg 1x, https:\/\/hernwood.com\/wp-content\/uploads\/2025\/06\/IMG_3083-1140x1340-c-default.jpg 2x\"\n\t\t\t\t\twidth=\"570\"\n\t\t\t\t\theight=\"670\"\n\t\t\t\t\tclass=\"img-fluid image-with-text-image\"\n\t\t\t\t\talt=\"\" \/>\n\t\t\t<\/picture>\n\t\t\t\n\t\t\t\t\t\t\t\t\t\t\t\t\t\t\t\t\t<picture class=\"picture\">\n\t\t\t\t\t\t\t\t<img lazy\n\t\t\t\t\tdata-srcset=\"https:\/\/hernwood.com\/wp-content\/uploads\/2025\/08\/Untitled-1340-x-1340-px-570x670-c-default.png 1x, https:\/\/hernwood.com\/wp-content\/uploads\/2025\/08\/Untitled-1340-x-1340-px-1140x1340-c-default.png 2x\"\n\t\t\t\t\twidth=\"570\"\n\t\t\t\t\theight=\"670\"\n\t\t\t\t\tclass=\"img-fluid image-with-text-image d-none d-lg-block mt-2\"\n\t\t\t\t\talt=\"\" \/>\n\t\t\t<\/picture>\n\t\t\t\n\t\t\t\t\t\t\t\t\t<\/div>\n\t\t\t\t\t\t<div class=\"col-lg-6 d-flex flex-column gap-4 align-items-start\">\n\t\t\t\t<div class=\"ps-lg-6 ms-lg-1\">\n\t\t\t\t\t<div class=\"d-flex flex-column gap-4 gap-lg-6\">\n\t\t\t\t\t\t\t\t\t\t\t\t\t\t\t\t\t\t\t\t\t<span class=\"fs-sm fw-semibold ff-primary text-primary-dark text-uppercase ln-space\" data-aos=\"fade-up\">Why choose us<\/span>\n\t\t\t\t\t\t\t\t\t\t\t\t\t\t\t\t\t\t\t\n\t\t\t\t\t\t\t\t\t\t\t\t\t<div class=\"d-flex flex-column gap-3 gap-lg-6\">\n\t\t\t\t\t\t\t\t\t\t\t\t\t\t\t\t\t<div class=\"d-flex flex-column gap-2\" data-aos=\"fade-up\">\n\t\t\t\t\t\t\t\t\t\t\t\t\t\t\t\t\t\t\t\t\t<h4 class=\"text-primary-dark\">\n\t\t\t\t\t\t\t\t\t\t\t\tOpportunities for Driven Individuals\n\t\t\t\t\t\t\t\t\t\t\t<\/h4>\n\t\t\t\t\t\t\t\t\t\t\t\t\t\t\t\t\t\t\t\t\t\t\t\t\t\t\t\t\t\t\t<p class=\"fs-lg text-secondary\">\n\t\t\t\t\t\t\t\t\t\t\t\tWe are looking for people who see the bigger picture &#8211; those who instinctively connect insights across disciplines and understand a company as a whole, not just through a single area of expertise. These are the individuals who grow with us and create real value. \n\t\t\t\t\t\t\t\t\t\t\t<\/p>\n\t\t\t\t\t\t\t\t\t\t\t\t\t\t\t\t\t\t\t<\/div>\n\t\t\t\t\t\t\t\t\t\t\t\t\t\t\t\t\t<div class=\"d-flex flex-column gap-2\" data-aos=\"fade-up\">\n\t\t\t\t\t\t\t\t\t\t\t\t\t\t\t\t\t\t\t\t\t<h4 class=\"text-primary-dark\">\n\t\t\t\t\t\t\t\t\t\t\t\tWork with Purpose\n\t\t\t\t\t\t\t\t\t\t\t<\/h4>\n\t\t\t\t\t\t\t\t\t\t\t\t\t\t\t\t\t\t\t\t\t\t\t\t\t\t\t\t\t\t\t<p class=\"fs-lg text-secondary\">\n\t\t\t\t\t\t\t\t\t\t\t\tWe connect capable managers with companies that have real potential to grow and evolve. Our work delivers tangible impact &#8211; not just on business performance, but also on company culture, strategic direction, and long-term sustainability.\n\t\t\t\t\t\t\t\t\t\t\t<\/p>\n\t\t\t\t\t\t\t\t\t\t\t\t\t\t\t\t\t\t\t<\/div>\n\t\t\t\t\t\t\t\t\t\t\t\t\t\t\t\t\t<div class=\"d-flex flex-column gap-2\" data-aos=\"fade-up\">\n\t\t\t\t\t\t\t\t\t\t\t\t\t\t\t\t\t\t\t\t\t<h4 class=\"text-primary-dark\">\n\t\t\t\t\t\t\t\t\t\t\t\tClearly Defined Values\n\t\t\t\t\t\t\t\t\t\t\t<\/h4>\n\t\t\t\t\t\t\t\t\t\t\t\t\t\t\t\t\t\t\t\t\t\t\t\t\t\t\t\t\t\t\t<p class=\"fs-lg text-secondary\">\n\t\t\t\t\t\t\t\t\t\t\t\tWe value openness, responsibility, and trust. We communicate these values clearly &#8211; and we live by them. You&#8217;ll always know what to expect from us, and just as clearly, what we expect from you.\n\t\t\t\t\t\t\t\t\t\t\t<\/p>\n\t\t\t\t\t\t\t\t\t\t\t\t\t\t\t\t\t\t\t<\/div>\n\t\t\t\t\t\t\t\t\t\t\t\t\t\t\t\t\t<div class=\"d-flex flex-column gap-2\" data-aos=\"fade-up\">\n\t\t\t\t\t\t\t\t\t\t\t\t\t\t\t\t\t\t\t\t\t<h4 class=\"text-primary-dark\">\n\t\t\t\t\t\t\t\t\t\t\t\tLong-Term Thinking\n\t\t\t\t\t\t\t\t\t\t\t<\/h4>\n\t\t\t\t\t\t\t\t\t\t\t\t\t\t\t\t\t\t\t\t\t\t\t\t\t\t\t\t\t\t\t<p class=\"fs-lg text-secondary\">\n\t\t\t\t\t\t\t\t\t\t\t\tWe stand for decisions that create lasting value. Sustainability is not a buzzword for us &#8211; it&#8217;s a mindset that guides our long-term actions and supports the healthy development of companies as a whole.\n\t\t\t\t\t\t\t\t\t\t\t<\/p>\n\t\t\t\t\t\t\t\t\t\t\t\t\t\t\t\t\t\t\t<\/div>\n\t\t\t\t\t\t\t\t\t\t\t\t\t\t\t\t\t<div class=\"d-flex flex-column gap-2\" data-aos=\"fade-up\">\n\t\t\t\t\t\t\t\t\t\t\t\t\t\t\t\t\t\t\t\t\t<h4 class=\"text-primary-dark\">\n\t\t\t\t\t\t\t\t\t\t\t\tDynamic and Informal Environment\n\t\t\t\t\t\t\t\t\t\t\t<\/h4>\n\t\t\t\t\t\t\t\t\t\t\t\t\t\t\t\t\t\t\t\t\t\t\t\t\t\t\t\t\t\t\t<p class=\"fs-lg text-secondary\">\n\t\t\t\t\t\t\t\t\t\t\t\tWe work in a small team where relationships are personal and communication is direct. Our structure is lean &#8211; free of unnecessary management layers, but rich in opportunities to contribute to meaningful initiatives. \n\t\t\t\t\t\t\t\t\t\t\t<\/p>\n\t\t\t\t\t\t\t\t\t\t\t\t\t\t\t\t\t\t\t<\/div>\n\t\t\t\t\t\t\t\t\t\t\t\t\t\t\t<\/div>\n\t\t\t\t\t\t\t\t\t\t\t<\/div>\n\t\t\t\t\t\t\t\t\t<\/div>\n\t\t\t<\/div>\n\t\t<\/div>\n\t<\/div>\n<\/section>\n\n\n<section class=\"divider\">\n\t<div class=\"container\">\n\t\t<hr class=\"text-gray m-0\" \/>\n\t<\/div>\n<\/section>\n\n\n\n\t<section class=\"jobs\">\n\t\t<div class=\"container\">\n\t\t\t\t\t\t\t<div class=\"jobs-header\" data-aos=\"fade-up\">\n\t\t\t\t\t<h2 class=\"h3 text-primary-dark text-center\">\n\t\t\t\t\t\tPracovn\u00e9 ponuky\n\t\t\t\t\t<\/h2>\n\t\t\t\t<\/div>\n\t\t\t\n\t\t\t<div class=\"row row-gap-3\">\n\t\t\t\t\t\t\t\t\t<div class=\"col-lg-6\" data-aos=\"fade-up\">\n\t\t\t\t\t\t\n<a href=\"https:\/\/hernwood.com\/en\/jobs\/marketing-manazer-3\/\"\n\taria-label=\"Marketing mana\u017eer\"\n\tclass=\"jobs-teaser p-3 py-lg-4 px-lg-6 text-decoration-none d-flex flex-column gap-3 align-items-start\"\n\ttarget=\"\">\n\t<div class=\"d-flex flex-column gap-2\">\n\t\t\t\t\t<h3 class=\"h4\">\n\t\t\t\tMarketing mana\u017eer\n\t\t\t<\/h3>\n\t\t\n\t\t\t<\/div>\n\t\n\t<div class=\"mt-auto\">\n\t\t\t\t\n\t<button class=\"btn btn-link text-shine link-hover-underlined\">\n\t\t\t\t\tViac inform\u00e1ci\u00ed o pozici\u00ed\n\t\t\t<\/button>\n\n\t<\/div>\n<\/a>\n\n\t\t\t\t\t<\/div>\n\t\t\t\t\t\t\t\t\t<div class=\"col-lg-6\" data-aos=\"fade-up\">\n\t\t\t\t\t\t\n<a href=\"https:\/\/hernwood.com\/en\/jobs\/marketing-manazer\/\"\n\taria-label=\"Marketing mana\u017eer\"\n\tclass=\"jobs-teaser p-3 py-lg-4 px-lg-6 text-decoration-none d-flex flex-column gap-3 align-items-start\"\n\ttarget=\"\">\n\t<div class=\"d-flex flex-column gap-2\">\n\t\t\t\t\t<h3 class=\"h4\">\n\t\t\t\tMarketing mana\u017eer\n\t\t\t<\/h3>\n\t\t\n\t\t\t<\/div>\n\t\n\t<div class=\"mt-auto\">\n\t\t\t\t\n\t<button class=\"btn btn-link text-shine link-hover-underlined\">\n\t\t\t\t\tViac inform\u00e1ci\u00ed o pozici\u00ed\n\t\t\t<\/button>\n\n\t<\/div>\n<\/a>\n\n\t\t\t\t\t<\/div>\n\t\t\t\t\t\t\t\t\t<div class=\"col-lg-6\" data-aos=\"fade-up\">\n\t\t\t\t\t\t\n<a href=\"https:\/\/hernwood.com\/en\/jobs\/marketing-manazer-2\/\"\n\taria-label=\"Marketing mana\u017eer\"\n\tclass=\"jobs-teaser p-3 py-lg-4 px-lg-6 text-decoration-none d-flex flex-column gap-3 align-items-start\"\n\ttarget=\"\">\n\t<div class=\"d-flex flex-column gap-2\">\n\t\t\t\t\t<h3 class=\"h4\">\n\t\t\t\tMarketing mana\u017eer\n\t\t\t<\/h3>\n\t\t\n\t\t\t<\/div>\n\t\n\t<div class=\"mt-auto\">\n\t\t\t\t\n\t<button class=\"btn btn-link text-shine link-hover-underlined\">\n\t\t\t\t\tViac inform\u00e1ci\u00ed o pozici\u00ed\n\t\t\t<\/button>\n\n\t<\/div>\n<\/a>\n\n\t\t\t\t\t<\/div>\n\t\t\t\t\t\t\t<\/div>\n\t\t<\/div>\n\t<\/section>\n\n\n\n<section class=\"cta-navigation px-xxl-4\">\n\t<div class=\"row g-0\">\n\t\t\t\t\t<div data-aos=\"fade-up\"\n\t\t\t\tclass=\"col-lg-6 cta-navigation-item text-center d-flex align-items-center justify-content-center py-4 py-lg-6 bg-primary\">\n\t\t\t\t<div class=\"cta-navigation-item-wrapper d-flex flex-column gap-3\">\n\t\t\t\t\t<div class=\"d-flex flex-column gap-2\">\n\t\t\t\t\t\t\t\t\t\t\t\t\t<span class=\"text-shine fs-sm fw-semibold text-uppercase ln-space\">contact<\/span>\n\t\t\t\t\t\t\t\t\t\t\t\t\t\t\t\t\t\t\t<h2 class=\"h3 text-white\">\n\t\t\t\t\t\t\t\tRely on our experience\n\t\t\t\t\t\t\t<\/h2>\n\t\t\t\t\t\t\t\t\t\t\t<\/div>\n\t\t\t\t\t\t\t\t\t\t\t<div>\n\t\t\t\t\t\t\t\n\t<a href=\"\/en\/kontakt\/\"\n\t\taria-label=\"Schedule a Meeting\"\n\t\t\n\t\tclass=\"btn btn-outline-white\">\n\t\t\t\t\tSchedule a Meeting\n\t\t\t<\/a>\n\n\t\t\t\t\t\t<\/div>\n\t\t\t\t\t\t\t\t\t<\/div>\n\t\t\t<\/div>\n\t\t\t\t\t<div data-aos=\"fade-up\"\n\t\t\t\tclass=\"col-lg-6 cta-navigation-item text-center d-flex align-items-center justify-content-center py-4 py-lg-6 bg-primary-light\">\n\t\t\t\t<div class=\"cta-navigation-item-wrapper d-flex flex-column gap-3\">\n\t\t\t\t\t<div class=\"d-flex flex-column gap-2\">\n\t\t\t\t\t\t\t\t\t\t\t\t\t<span class=\"text-shine fs-sm fw-semibold text-uppercase ln-space\">portfolio<\/span>\n\t\t\t\t\t\t\t\t\t\t\t\t\t\t\t\t\t\t\t<h2 class=\"h3 text-white\">\n\t\t\t\t\t\t\t\tOur results speak for themselves\n\t\t\t\t\t\t\t<\/h2>\n\t\t\t\t\t\t\t\t\t\t\t<\/div>\n\t\t\t\t\t\t\t\t\t\t\t<div>\n\t\t\t\t\t\t\t\n\t<a href=\"\/en\/projekty\/\"\n\t\taria-label=\"Our Projects\"\n\t\t\n\t\tclass=\"btn btn-outline-white\">\n\t\t\t\t\tOur Projects\n\t\t\t<\/a>\n\n\t\t\t\t\t\t<\/div>\n\t\t\t\t\t\t\t\t\t<\/div>\n\t\t\t<\/div>\n\t\t\t<\/div>\n<\/section>\n","protected":false},"excerpt":{"rendered":"","protected":false},"author":1,"featured_media":0,"parent":0,"menu_order":0,"comment_status":"closed","ping_status":"closed","template":"","meta":{"_acf_changed":false,"footnotes":""},"class_list":["post-1136","page","type-page","status-publish","hentry"],"acf":[],"yoast_head":"<!-- This site is optimized with the Yoast SEO plugin v23.9 - https:\/\/yoast.com\/wordpress\/plugins\/seo\/ -->\n<title>Career | HERNWOOD<\/title>\n<meta name=\"robots\" content=\"index, follow, max-snippet:-1, max-image-preview:large, max-video-preview:-1\" \/>\n<link rel=\"canonical\" href=\"https:\/\/hernwood.com\/en\/kariera\/\" \/>\n<meta property=\"og:locale\" content=\"en_US\" \/>\n<meta property=\"og:type\" content=\"article\" \/>\n<meta property=\"og:title\" content=\"Career | HERNWOOD\" \/>\n<meta property=\"og:url\" content=\"https:\/\/hernwood.com\/en\/kariera\/\" \/>\n<meta property=\"og:site_name\" content=\"HERNWOOD\" \/>\n<meta property=\"article:modified_time\" content=\"2025-08-12T07:20:32+00:00\" \/>\n<meta name=\"twitter:card\" content=\"summary_large_image\" \/>\n<script type=\"application\/ld+json\" class=\"yoast-schema-graph\">{\"@context\":\"https:\/\/schema.org\",\"@graph\":[{\"@type\":\"WebPage\",\"@id\":\"https:\/\/hernwood.com\/en\/kariera\/\",\"url\":\"https:\/\/hernwood.com\/en\/kariera\/\",\"name\":\"Career | HERNWOOD\",\"isPartOf\":{\"@id\":\"https:\/\/hernwood.com\/en\/#website\"},\"datePublished\":\"2024-07-13T09:50:05+00:00\",\"dateModified\":\"2025-08-12T07:20:32+00:00\",\"breadcrumb\":{\"@id\":\"https:\/\/hernwood.com\/en\/kariera\/#breadcrumb\"},\"inLanguage\":\"en-US\",\"potentialAction\":[{\"@type\":\"ReadAction\",\"target\":[\"https:\/\/hernwood.com\/en\/kariera\/\"]}]},{\"@type\":\"BreadcrumbList\",\"@id\":\"https:\/\/hernwood.com\/en\/kariera\/#breadcrumb\",\"itemListElement\":[{\"@type\":\"ListItem\",\"position\":1,\"name\":\"Home\",\"item\":\"https:\/\/hernwood.com\/en\/\"},{\"@type\":\"ListItem\",\"position\":2,\"name\":\"Career\"}]},{\"@type\":\"WebSite\",\"@id\":\"https:\/\/hernwood.com\/en\/#website\",\"url\":\"https:\/\/hernwood.com\/en\/\",\"name\":\"HERNWOOD\",\"description\":\"Pom\u00e1hame firm\u00e1m r\u00e1s\u0165 a plni\u0165 ich ciele\",\"publisher\":{\"@id\":\"https:\/\/hernwood.com\/en\/#organization\"},\"potentialAction\":[{\"@type\":\"SearchAction\",\"target\":{\"@type\":\"EntryPoint\",\"urlTemplate\":\"https:\/\/hernwood.com\/en\/?s={search_term_string}\"},\"query-input\":{\"@type\":\"PropertyValueSpecification\",\"valueRequired\":true,\"valueName\":\"search_term_string\"}}],\"inLanguage\":\"en-US\"},{\"@type\":\"Organization\",\"@id\":\"https:\/\/hernwood.com\/en\/#organization\",\"name\":\"Hernwood\",\"url\":\"https:\/\/hernwood.com\/en\/\",\"logo\":{\"@type\":\"ImageObject\",\"inLanguage\":\"en-US\",\"@id\":\"https:\/\/hernwood.com\/en\/#\/schema\/logo\/image\/\",\"url\":\"https:\/\/hernwood.com\/wp-content\/uploads\/2025\/07\/hernwood-logo.svg\",\"contentUrl\":\"https:\/\/hernwood.com\/wp-content\/uploads\/2025\/07\/hernwood-logo.svg\",\"width\":1,\"height\":1,\"caption\":\"Hernwood\"},\"image\":{\"@id\":\"https:\/\/hernwood.com\/en\/#\/schema\/logo\/image\/\"}}]}<\/script>\n<!-- \/ Yoast SEO plugin. -->","yoast_head_json":{"title":"Career | HERNWOOD","robots":{"index":"index","follow":"follow","max-snippet":"max-snippet:-1","max-image-preview":"max-image-preview:large","max-video-preview":"max-video-preview:-1"},"canonical":"https:\/\/hernwood.com\/en\/kariera\/","og_locale":"en_US","og_type":"article","og_title":"Career | HERNWOOD","og_url":"https:\/\/hernwood.com\/en\/kariera\/","og_site_name":"HERNWOOD","article_modified_time":"2025-08-12T07:20:32+00:00","twitter_card":"summary_large_image","schema":{"@context":"https:\/\/schema.org","@graph":[{"@type":"WebPage","@id":"https:\/\/hernwood.com\/en\/kariera\/","url":"https:\/\/hernwood.com\/en\/kariera\/","name":"Career | HERNWOOD","isPartOf":{"@id":"https:\/\/hernwood.com\/en\/#website"},"datePublished":"2024-07-13T09:50:05+00:00","dateModified":"2025-08-12T07:20:32+00:00","breadcrumb":{"@id":"https:\/\/hernwood.com\/en\/kariera\/#breadcrumb"},"inLanguage":"en-US","potentialAction":[{"@type":"ReadAction","target":["https:\/\/hernwood.com\/en\/kariera\/"]}]},{"@type":"BreadcrumbList","@id":"https:\/\/hernwood.com\/en\/kariera\/#breadcrumb","itemListElement":[{"@type":"ListItem","position":1,"name":"Home","item":"https:\/\/hernwood.com\/en\/"},{"@type":"ListItem","position":2,"name":"Career"}]},{"@type":"WebSite","@id":"https:\/\/hernwood.com\/en\/#website","url":"https:\/\/hernwood.com\/en\/","name":"HERNWOOD","description":"Pom\u00e1hame firm\u00e1m r\u00e1s\u0165 a plni\u0165 ich ciele","publisher":{"@id":"https:\/\/hernwood.com\/en\/#organization"},"potentialAction":[{"@type":"SearchAction","target":{"@type":"EntryPoint","urlTemplate":"https:\/\/hernwood.com\/en\/?s={search_term_string}"},"query-input":{"@type":"PropertyValueSpecification","valueRequired":true,"valueName":"search_term_string"}}],"inLanguage":"en-US"},{"@type":"Organization","@id":"https:\/\/hernwood.com\/en\/#organization","name":"Hernwood","url":"https:\/\/hernwood.com\/en\/","logo":{"@type":"ImageObject","inLanguage":"en-US","@id":"https:\/\/hernwood.com\/en\/#\/schema\/logo\/image\/","url":"https:\/\/hernwood.com\/wp-content\/uploads\/2025\/07\/hernwood-logo.svg","contentUrl":"https:\/\/hernwood.com\/wp-content\/uploads\/2025\/07\/hernwood-logo.svg","width":1,"height":1,"caption":"Hernwood"},"image":{"@id":"https:\/\/hernwood.com\/en\/#\/schema\/logo\/image\/"}}]}},"_links":{"self":[{"href":"https:\/\/hernwood.com\/en\/wp-json\/wp\/v2\/pages\/1136","targetHints":{"allow":["GET"]}}],"collection":[{"href":"https:\/\/hernwood.com\/en\/wp-json\/wp\/v2\/pages"}],"about":[{"href":"https:\/\/hernwood.com\/en\/wp-json\/wp\/v2\/types\/page"}],"author":[{"embeddable":true,"href":"https:\/\/hernwood.com\/en\/wp-json\/wp\/v2\/users\/1"}],"replies":[{"embeddable":true,"href":"https:\/\/hernwood.com\/en\/wp-json\/wp\/v2\/comments?post=1136"}],"version-history":[{"count":6,"href":"https:\/\/hernwood.com\/en\/wp-json\/wp\/v2\/pages\/1136\/revisions"}],"predecessor-version":[{"id":1621,"href":"https:\/\/hernwood.com\/en\/wp-json\/wp\/v2\/pages\/1136\/revisions\/1621"}],"wp:attachment":[{"href":"https:\/\/hernwood.com\/en\/wp-json\/wp\/v2\/media?parent=1136"}],"curies":[{"name":"wp","href":"https:\/\/api.w.org\/{rel}","templated":true}]}}