{"id":1137,"date":"2024-07-13T12:35:12","date_gmt":"2024-07-13T10:35:12","guid":{"rendered":"https:\/\/hernwood.com\/kontakt\/"},"modified":"2025-07-17T10:04:08","modified_gmt":"2025-07-17T08:04:08","slug":"kontakt","status":"publish","type":"page","link":"https:\/\/hernwood.com\/en\/kontakt\/","title":{"rendered":"Contact"},"content":{"rendered":"<section class=\"hero bg-primary-dark hero--ofset   hero--ofset-long\">\n\t<div class=\"hero-wrapper\"><\/div>\n\t<div class=\"container position-relative z-1\">\n\t\t<div class=\"row row-gap-3 justify-content-center align-items-center\">\n\t\t\t\t\t\t\t<div class=\"col-lg-10 align-items-center d-flex flex-column gap-4 align-items-start\">\n\t\t\t\t\t<div class=\"d-flex flex-column gap-2 text-center\">\n\t\t\t\t\t\t<div class=\"d-flex flex-column gap-2-half gap-lg-3\">\n\t\t\t\t\t\t\t\t\t\t\t\t\t\t\t<span class=\"fs-sm fw-bold text-uppercase text-shine\" data-aos=\"fade-up\">Contact<\/span>\n\t\t\t\t\t\t\t\t\t\t\t\t\t\t\t\t\t\t\t\t\t\t<h1 class=\"text-white\" data-aos=\"fade-up\">\n\t\t\t\t\t\t\t\t\tWe will help you invest with confidence\n\t\t\t\t\t\t\t\t<\/h1>\n\t\t\t\t\t\t\t\t\t\t\t\t\t<\/div>\n\t\t\t\t\t\t\t\t\t\t\t<\/div>\n\t\t\t\t\t\t\t\t\t<\/div>\n\t\t\t\t\t\t\t\t<\/div>\n\t\t\t\t\t\t\t\t\t\t\t<div class=\"bg-white hero-contact-wrapper\" data-aos=\"fade-up\">\n\t\t\t\t\t<div class=\"row hero-images-bottom hero-images-bottom--form position-relative z-0\">\n\t\t\t\t\t\t<div class=\"col-lg-5 d-none d-lg-block\">\n\t\t\t\t\t\t\t\t\t\t\t\t\t<picture class=\"picture\">\n\t\t\t\t\t\t\t\t<img lazy\n\t\t\t\t\tdata-srcset=\"https:\/\/hernwood.com\/wp-content\/uploads\/2025\/05\/Hernwood_Office_ORG_LOOK_013-470x690-c-default.jpg 1x, https:\/\/hernwood.com\/wp-content\/uploads\/2025\/05\/Hernwood_Office_ORG_LOOK_013-940x1380-c-default.jpg 2x\"\n\t\t\t\t\twidth=\"470\"\n\t\t\t\t\theight=\"690\"\n\t\t\t\t\tclass=\"img-fluid hero-image-item\"\n\t\t\t\t\talt=\"\" \/>\n\t\t\t<\/picture>\n\t\t\t\n\t\t\t\t\t\t<\/div>\n\n\t\t\t\t\t\t<div class=\"col-lg-7\">\n\t\t\t\t\t\t\t<div class=\"p-2 py-lg-6 pe-lg-6 ps-lg-3 d-flex flex-column gap-3\">\n\t\t\t\t\t\t\t\t\t\t\t\t\t\t\t\t\t<h6 class=\"fs-sm fw-semibold text-uppercase text-pine-green ff-primary\">\n\t\t\t\t\t\t\t\t\t\tContact Form\n\t\t\t\t\t\t\t\t\t<\/h6>\n\t\t\t\t\t\t\t\t\t\t\t\t\t\t\t\t<g-form :id=\"3\" lang=\"en\"><\/g-form>\n\t\t\t\t\t\t\t<\/div>\n\t\t\t\t\t\t<\/div>\n\t\t\t\t\t<\/div>\n\t\t\t\t<\/div>\n\t\t\t\t\t\t<\/div>\n<\/section>\n\n\n\n<section class=\"contact\">\n\t<div class=\"container\">\n\t\t<div class=\"row row-gap-6\">\n\t\t\t<div class=\"col-lg-7 d-flex flex-column gap-2\" data-aos=\"fade-up\">\n\t\t\t\t<span class=\"fs-sm fw-semibold lh-1 text-uppercase text-secondary\">Contact info<\/span>\n\n\t\t\t\t<div class=\"d-flex flex-column gap-3 gap-lg-5 align-items-start\">\n\t\t\t\t\t\t\t\t\t\t\t<a href=\"mailto:recepcia@hernwood.com\" class=\"link-underlined text-primary-dark h3-h4\">\n\t\t\t\t\t\t\trecepcia@hernwood.com\n\t\t\t\t\t\t<\/a>\n\t\t\t\t\t\t\t\t\t\t\t\t\t\t\t\t<a href=\"tel:+421233046161\" class=\"link-underlined text-primary-dark h3-h4\">\n\t\t\t\t\t\t\t+421 2 33 04 61 61\n\t\t\t\t\t\t<\/a>\n\t\t\t\t\t\t\t\t\t<\/div>\n\t\t\t<\/div>\n\n\t\t\t<div class=\"col-lg-5 d-flex flex-column gap-3\" data-aos=\"fade-up\">\n\t\t\t\t<span class=\"fs-sm fw-semibold lh-1 text-uppercase text-secondary\">Visit us<\/span>\n\n\t\t\t\t<div class=\"d-flex flex-column flex-md-row flex-md-column gap-4 w-100\">\n\t\t\t\t\t\t\t\t\t\t\t<div class=\"footer-address d-flex flex-column gap-2 align-items-start w-100\">\n\t\t\t\t\t\t\t<div class=\"d-flex flex-column gap-1\">\n\t\t\t\t\t\t\t\t\t\t\t\t\t\t\t\t\t<h4 class=\"text-primary-dark\">\n\t\t\t\t\t\t\t\t\t\tBratislava\n\t\t\t\t\t\t\t\t\t<\/h4>\n\t\t\t\t\t\t\t\t\n\t\t\t\t\t\t\t\t<p class=\"text-secondary fs-lg\">\n\t\t\t\t\t\t\t\t\tMostov\u00e1 6, 811 03 Bratislava 1<br \/>\r\nSlovensk\u00e1 republika\n\n\t\t\t\t\t\t\t\t\t<br \/><br \/>I\u010cO: 44590296<br \/>\r\nDI\u010c: 2022755174<br \/>\r\nI\u010c DPH: SK22022755174<br \/>\r\n<br \/>\r\nZap\u00edsan\u00e1 v Obchodnom registri Okresn\u00e9ho s\u00fadu <br \/>\r\nBratislava I, Oddiel: Sro, vlo\u017eka \u010d. 56627\/B\n\t\t\t\t\t\t\t\t<\/p>\n\t\t\t\t\t\t\t<\/div>\n\n\t\t\t\t\t\t\t\t\n\t<a href=\"https:\/\/maps.app.goo.gl\/jujUPMVi6Nya1RJz7\"\n\t\taria-label=\"View on Map\"\n\t\ttarget=\"_blank\" rel=\"noopener\"\n\t\tclass=\"btn btn-link text-shine link-hover-underlined btn-icon\">\n\t\t\t\t\tView on Map\n\n\t\t\t<svg class=\"sprite-icon icon-right-arrow right-arrow\" aria-hidden=\"true\" focusable=\"false\"><use xlink:href=\"https:\/\/hernwood.com\/wp-content\/themes\/template\/resources\/Public\/Build\/assets\/spritemap.svg#icon-right-arrow\"><\/use><\/svg>\n\t\t\t<\/a>\n\n\t\t\t\t\t\t<\/div>\n\t\t\t\t\t\t\t\t\t\t\t<div class=\"footer-address d-flex flex-column gap-2 align-items-start w-100\">\n\t\t\t\t\t\t\t<div class=\"d-flex flex-column gap-1\">\n\t\t\t\t\t\t\t\t\t\t\t\t\t\t\t\t\t<h4 class=\"text-primary-dark\">\n\t\t\t\t\t\t\t\t\t\tBrno\n\t\t\t\t\t\t\t\t\t<\/h4>\n\t\t\t\t\t\t\t\t\n\t\t\t\t\t\t\t\t<p class=\"text-secondary fs-lg\">\n\t\t\t\t\t\t\t\t\tV\u00edde\u0148sk\u00e1 995\/63, \u0160t\u00fd\u0159ice, 639 00 Brno<br \/>\r\n\u010cesk\u00e1 republika\n\n\t\t\t\t\t\t\t\t\t<br \/><br \/>I\u010cO: 05682177<br \/>\r\nSpisov\u00e1 zna\u010dka:: B 7638 veden\u00e1 u Krajsk\u00e9ho soudu v Brn\u011b\n\t\t\t\t\t\t\t\t<\/p>\n\t\t\t\t\t\t\t<\/div>\n\n\t\t\t\t\t\t\t\t\n\t<a href=\"https:\/\/maps.app.goo.gl\/jwsWYPPSE5h9Dhet9\"\n\t\taria-label=\"View on Map\"\n\t\ttarget=\"_blank\" rel=\"noopener\"\n\t\tclass=\"btn btn-link text-shine link-hover-underlined btn-icon\">\n\t\t\t\t\tView on Map\n\n\t\t\t<svg class=\"sprite-icon icon-right-arrow right-arrow\" aria-hidden=\"true\" focusable=\"false\"><use xlink:href=\"https:\/\/hernwood.com\/wp-content\/themes\/template\/resources\/Public\/Build\/assets\/spritemap.svg#icon-right-arrow\"><\/use><\/svg>\n\t\t\t<\/a>\n\n\t\t\t\t\t\t<\/div>\n\t\t\t\t\t\t\t\t\t<\/div>\n\t\t\t<\/div>\n\t\t<\/div>\n\t<\/div>\n<\/section>\n\n\n\n<section class=\"cta-navigation px-xxl-4\">\n\t<div class=\"row g-0\">\n\t\t\t\t\t<div data-aos=\"fade-up\"\n\t\t\t\tclass=\"col-lg-6 cta-navigation-item text-center d-flex align-items-center justify-content-center py-4 py-lg-6 bg-primary\">\n\t\t\t\t<div class=\"cta-navigation-item-wrapper d-flex flex-column gap-3\">\n\t\t\t\t\t<div class=\"d-flex flex-column gap-2\">\n\t\t\t\t\t\t\t\t\t\t\t\t\t<span class=\"text-shine fs-sm fw-semibold text-uppercase ln-space\">How We Invest<\/span>\n\t\t\t\t\t\t\t\t\t\t\t\t\t\t\t\t\t\t\t<h2 class=\"h3 text-white\">\n\t\t\t\t\t\t\t\tHow we invest in your growth\n\t\t\t\t\t\t\t<\/h2>\n\t\t\t\t\t\t\t\t\t\t\t<\/div>\n\t\t\t\t\t\t\t\t\t\t\t<div>\n\t\t\t\t\t\t\t\n\t<a href=\"\/en\/ako-investujeme\/\"\n\t\taria-label=\"Learn More\"\n\t\t\n\t\tclass=\"btn btn-outline-white\">\n\t\t\t\t\tLearn More\n\t\t\t<\/a>\n\n\t\t\t\t\t\t<\/div>\n\t\t\t\t\t\t\t\t\t<\/div>\n\t\t\t<\/div>\n\t\t\t\t\t<div data-aos=\"fade-up\"\n\t\t\t\tclass=\"col-lg-6 cta-navigation-item text-center d-flex align-items-center justify-content-center py-4 py-lg-6 bg-primary-light\">\n\t\t\t\t<div class=\"cta-navigation-item-wrapper d-flex flex-column gap-3\">\n\t\t\t\t\t<div class=\"d-flex flex-column gap-2\">\n\t\t\t\t\t\t\t\t\t\t\t\t\t<span class=\"text-shine fs-sm fw-semibold text-uppercase ln-space\">portfolio<\/span>\n\t\t\t\t\t\t\t\t\t\t\t\t\t\t\t\t\t\t\t<h2 class=\"h3 text-white\">\n\t\t\t\t\t\t\t\tOur results speak for themselves\n\t\t\t\t\t\t\t<\/h2>\n\t\t\t\t\t\t\t\t\t\t\t<\/div>\n\t\t\t\t\t\t\t\t\t\t\t<div>\n\t\t\t\t\t\t\t\n\t<a href=\"\/en\/projekty\/\"\n\t\taria-label=\"Our Projects\"\n\t\t\n\t\tclass=\"btn btn-outline-white\">\n\t\t\t\t\tOur Projects\n\t\t\t<\/a>\n\n\t\t\t\t\t\t<\/div>\n\t\t\t\t\t\t\t\t\t<\/div>\n\t\t\t<\/div>\n\t\t\t<\/div>\n<\/section>\n","protected":false},"excerpt":{"rendered":"","protected":false},"author":1,"featured_media":0,"parent":0,"menu_order":0,"comment_status":"closed","ping_status":"closed","template":"","meta":{"_acf_changed":false,"footnotes":""},"class_list":["post-1137","page","type-page","status-publish","hentry"],"acf":[],"yoast_head":"<!-- This site is optimized with the Yoast SEO plugin v23.9 - https:\/\/yoast.com\/wordpress\/plugins\/seo\/ -->\n<title>Contact | HERNWOOD<\/title>\n<meta name=\"robots\" content=\"index, follow, max-snippet:-1, max-image-preview:large, max-video-preview:-1\" \/>\n<link rel=\"canonical\" href=\"https:\/\/hernwood.com\/en\/kontakt\/\" \/>\n<meta property=\"og:locale\" content=\"en_US\" \/>\n<meta property=\"og:type\" content=\"article\" \/>\n<meta property=\"og:title\" content=\"Contact | HERNWOOD\" \/>\n<meta property=\"og:url\" content=\"https:\/\/hernwood.com\/en\/kontakt\/\" \/>\n<meta property=\"og:site_name\" content=\"HERNWOOD\" \/>\n<meta property=\"article:modified_time\" content=\"2025-07-17T08:04:08+00:00\" \/>\n<meta name=\"twitter:card\" content=\"summary_large_image\" \/>\n<script type=\"application\/ld+json\" class=\"yoast-schema-graph\">{\"@context\":\"https:\/\/schema.org\",\"@graph\":[{\"@type\":\"WebPage\",\"@id\":\"https:\/\/hernwood.com\/en\/kontakt\/\",\"url\":\"https:\/\/hernwood.com\/en\/kontakt\/\",\"name\":\"Contact | HERNWOOD\",\"isPartOf\":{\"@id\":\"https:\/\/hernwood.com\/en\/#website\"},\"datePublished\":\"2024-07-13T10:35:12+00:00\",\"dateModified\":\"2025-07-17T08:04:08+00:00\",\"breadcrumb\":{\"@id\":\"https:\/\/hernwood.com\/en\/kontakt\/#breadcrumb\"},\"inLanguage\":\"en-US\",\"potentialAction\":[{\"@type\":\"ReadAction\",\"target\":[\"https:\/\/hernwood.com\/en\/kontakt\/\"]}]},{\"@type\":\"BreadcrumbList\",\"@id\":\"https:\/\/hernwood.com\/en\/kontakt\/#breadcrumb\",\"itemListElement\":[{\"@type\":\"ListItem\",\"position\":1,\"name\":\"Home\",\"item\":\"https:\/\/hernwood.com\/en\/\"},{\"@type\":\"ListItem\",\"position\":2,\"name\":\"Contact\"}]},{\"@type\":\"WebSite\",\"@id\":\"https:\/\/hernwood.com\/en\/#website\",\"url\":\"https:\/\/hernwood.com\/en\/\",\"name\":\"HERNWOOD\",\"description\":\"Pom\u00e1hame firm\u00e1m r\u00e1s\u0165 a plni\u0165 ich ciele\",\"publisher\":{\"@id\":\"https:\/\/hernwood.com\/en\/#organization\"},\"potentialAction\":[{\"@type\":\"SearchAction\",\"target\":{\"@type\":\"EntryPoint\",\"urlTemplate\":\"https:\/\/hernwood.com\/en\/?s={search_term_string}\"},\"query-input\":{\"@type\":\"PropertyValueSpecification\",\"valueRequired\":true,\"valueName\":\"search_term_string\"}}],\"inLanguage\":\"en-US\"},{\"@type\":\"Organization\",\"@id\":\"https:\/\/hernwood.com\/en\/#organization\",\"name\":\"Hernwood\",\"url\":\"https:\/\/hernwood.com\/en\/\",\"logo\":{\"@type\":\"ImageObject\",\"inLanguage\":\"en-US\",\"@id\":\"https:\/\/hernwood.com\/en\/#\/schema\/logo\/image\/\",\"url\":\"https:\/\/hernwood.com\/wp-content\/uploads\/2025\/07\/hernwood-logo.svg\",\"contentUrl\":\"https:\/\/hernwood.com\/wp-content\/uploads\/2025\/07\/hernwood-logo.svg\",\"width\":1,\"height\":1,\"caption\":\"Hernwood\"},\"image\":{\"@id\":\"https:\/\/hernwood.com\/en\/#\/schema\/logo\/image\/\"}}]}<\/script>\n<!-- \/ Yoast SEO plugin. -->","yoast_head_json":{"title":"Contact | HERNWOOD","robots":{"index":"index","follow":"follow","max-snippet":"max-snippet:-1","max-image-preview":"max-image-preview:large","max-video-preview":"max-video-preview:-1"},"canonical":"https:\/\/hernwood.com\/en\/kontakt\/","og_locale":"en_US","og_type":"article","og_title":"Contact | HERNWOOD","og_url":"https:\/\/hernwood.com\/en\/kontakt\/","og_site_name":"HERNWOOD","article_modified_time":"2025-07-17T08:04:08+00:00","twitter_card":"summary_large_image","schema":{"@context":"https:\/\/schema.org","@graph":[{"@type":"WebPage","@id":"https:\/\/hernwood.com\/en\/kontakt\/","url":"https:\/\/hernwood.com\/en\/kontakt\/","name":"Contact | HERNWOOD","isPartOf":{"@id":"https:\/\/hernwood.com\/en\/#website"},"datePublished":"2024-07-13T10:35:12+00:00","dateModified":"2025-07-17T08:04:08+00:00","breadcrumb":{"@id":"https:\/\/hernwood.com\/en\/kontakt\/#breadcrumb"},"inLanguage":"en-US","potentialAction":[{"@type":"ReadAction","target":["https:\/\/hernwood.com\/en\/kontakt\/"]}]},{"@type":"BreadcrumbList","@id":"https:\/\/hernwood.com\/en\/kontakt\/#breadcrumb","itemListElement":[{"@type":"ListItem","position":1,"name":"Home","item":"https:\/\/hernwood.com\/en\/"},{"@type":"ListItem","position":2,"name":"Contact"}]},{"@type":"WebSite","@id":"https:\/\/hernwood.com\/en\/#website","url":"https:\/\/hernwood.com\/en\/","name":"HERNWOOD","description":"Pom\u00e1hame firm\u00e1m r\u00e1s\u0165 a plni\u0165 ich ciele","publisher":{"@id":"https:\/\/hernwood.com\/en\/#organization"},"potentialAction":[{"@type":"SearchAction","target":{"@type":"EntryPoint","urlTemplate":"https:\/\/hernwood.com\/en\/?s={search_term_string}"},"query-input":{"@type":"PropertyValueSpecification","valueRequired":true,"valueName":"search_term_string"}}],"inLanguage":"en-US"},{"@type":"Organization","@id":"https:\/\/hernwood.com\/en\/#organization","name":"Hernwood","url":"https:\/\/hernwood.com\/en\/","logo":{"@type":"ImageObject","inLanguage":"en-US","@id":"https:\/\/hernwood.com\/en\/#\/schema\/logo\/image\/","url":"https:\/\/hernwood.com\/wp-content\/uploads\/2025\/07\/hernwood-logo.svg","contentUrl":"https:\/\/hernwood.com\/wp-content\/uploads\/2025\/07\/hernwood-logo.svg","width":1,"height":1,"caption":"Hernwood"},"image":{"@id":"https:\/\/hernwood.com\/en\/#\/schema\/logo\/image\/"}}]}},"_links":{"self":[{"href":"https:\/\/hernwood.com\/en\/wp-json\/wp\/v2\/pages\/1137","targetHints":{"allow":["GET"]}}],"collection":[{"href":"https:\/\/hernwood.com\/en\/wp-json\/wp\/v2\/pages"}],"about":[{"href":"https:\/\/hernwood.com\/en\/wp-json\/wp\/v2\/types\/page"}],"author":[{"embeddable":true,"href":"https:\/\/hernwood.com\/en\/wp-json\/wp\/v2\/users\/1"}],"replies":[{"embeddable":true,"href":"https:\/\/hernwood.com\/en\/wp-json\/wp\/v2\/comments?post=1137"}],"version-history":[{"count":1,"href":"https:\/\/hernwood.com\/en\/wp-json\/wp\/v2\/pages\/1137\/revisions"}],"predecessor-version":[{"id":1567,"href":"https:\/\/hernwood.com\/en\/wp-json\/wp\/v2\/pages\/1137\/revisions\/1567"}],"wp:attachment":[{"href":"https:\/\/hernwood.com\/en\/wp-json\/wp\/v2\/media?parent=1137"}],"curies":[{"name":"wp","href":"https:\/\/api.w.org\/{rel}","templated":true}]}}