{"id":1140,"date":"2024-07-13T11:49:26","date_gmt":"2024-07-13T09:49:26","guid":{"rendered":"https:\/\/hernwood.com\/projekty\/"},"modified":"2025-06-21T13:53:39","modified_gmt":"2025-06-21T11:53:39","slug":"projekty","status":"publish","type":"page","link":"https:\/\/hernwood.com\/en\/projekty\/","title":{"rendered":"Projects"},"content":{"rendered":"<section class=\"hero bg-primary-dark  \">\n\t<div class=\"hero-wrapper\"><\/div>\n\t<div class=\"container position-relative z-1\">\n\t\t<div class=\"row row-gap-3 justify-content-between align-items-center\">\n\t\t\t\t\t\t\t<div class=\"col-lg-6 d-flex flex-column gap-4 align-items-start\">\n\t\t\t\t\t<div class=\"d-flex flex-column gap-2\">\n\t\t\t\t\t\t<div class=\"d-flex flex-column gap-2-half gap-lg-3\">\n\t\t\t\t\t\t\t\t\t\t\t\t\t\t\t<span class=\"fs-sm fw-bold text-uppercase text-shine\" data-aos=\"fade-up\">Projects<\/span>\n\t\t\t\t\t\t\t\t\t\t\t\t\t\t\t\t\t\t\t\t\t\t<h1 class=\"text-white\" data-aos=\"fade-up\">\n\t\t\t\t\t\t\t\t\tWe have helped these companies grow\n\t\t\t\t\t\t\t\t<\/h1>\n\t\t\t\t\t\t\t\t\t\t\t\t\t<\/div>\n\t\t\t\t\t\t\t\t\t\t\t<\/div>\n\t\t\t\t\t\t\t\t\t<\/div>\n\t\t\t\t\t\t\t\t\t\t<div class=\"col-lg-4\">\n\t\t\t\t\t<div class=\"hero-image\" data-aos=\"fade-up\">\n\t\t\t\t\t\t\t\t\t\t\t\t<picture class=\"picture\">\n\t\t\t\t\t\t\t\t<img lazy\n\t\t\t\t\tdata-srcset=\"https:\/\/hernwood.com\/wp-content\/uploads\/2025\/06\/man-giving-bar-graph-presentation-using-high-technology-digital-pen-407x506-c-default.jpg 1x, https:\/\/hernwood.com\/wp-content\/uploads\/2025\/06\/man-giving-bar-graph-presentation-using-high-technology-digital-pen-814x1012-c-default.jpg 2x\"\n\t\t\t\t\twidth=\"407\"\n\t\t\t\t\theight=\"506\"\n\t\t\t\t\tclass=\"img-fluid hero-image-item\"\n\t\t\t\t\talt=\"\" \/>\n\t\t\t<\/picture>\n\t\t\t\n\t\t\t\t\t<\/div>\n\t\t\t\t<\/div>\n\t\t\t\t\t<\/div>\n\t\t\t\t\t<\/div>\n<\/section>\n\n\n\n<section class=\"projects\">\n\t<div class=\"container\">\n\t\t\t\t\t\t\t\t\t\t\t\t\t\t\t\t\t<ajax-list\n\t\t\t\tget-items-url=\"\/wp-json\/jdev\/get-projects\"\n\t\t\t\tget-items-content-url=\"\/wp-json\/jdev\/get-projects-contents\"\n\t\t\t\t:items-per-page=\"9\"\n\t\t\t\tlang=\"en\"\n\t\t\t\tload-more=\"Load more\"\n\t\t\t\tno-entries=\"No entries found\u2026\"\n\t\t\t\tloading-text=\"Loading\"\n\t\t\t>\n\t\t\t\t\t\t\t\t\t<template v-slot:filter=\"component\">\n\t\t\t\t\t\t<div class=\"news-filter\">\n\t\t\t\t\t\t\t<button\n\t\t\t\t\t\t\t\tdata-bs-toggle=\"modal\"\n\t\t\t\t\t\t\t\tdata-bs-target=\"#filterModal\"\n\t\t\t\t\t\t\t\taria-label=\"Filter projects \"\n\t\t\t\t\t\t\t\tclass=\"btn btn-outline-primary btn-icon btn-icon-static w-100 text-center d-lg-none\"\n\t\t\t\t\t\t\t>\n\t\t\t\t\t\t\t\t<svg class=\"sprite-icon icon-filters filters\" aria-hidden=\"true\" focusable=\"false\"><use xlink:href=\"https:\/\/hernwood.com\/wp-content\/themes\/template\/resources\/Public\/Build\/assets\/spritemap.svg#icon-filters\"><\/use><\/svg>\n\n\t\t\t\t\t\t\t\tFilter projects\n\t\t\t\t\t\t\t<\/button>\n\n\t\t\t\t\t\t\t<div :class=\"md ? 'modal fade' : 'd-block'\" id=\"filterModal\" tabindex=\"-1\" aria-labelledby=\"filterModalLabel\" aria-hidden=\"true\">\n\t\t\t\t\t\t\t\t<div class=\"modal-dialog modal-dialog-centered modal-dialog-full\">\n\t\t\t\t\t\t\t\t\t<div class=\"modal-content\">\n\t\t\t\t\t\t\t\t\t\t<div class=\"modal-header d-lg-none\">\n\t\t\t\t\t\t\t\t\t\t\t<div\n\t\t\t\t\t\t\t\t\t\t\t\ttype=\"button\"\n\t\t\t\t\t\t\t\t\t\t\t\tclass=\"btn-close-wrapper d-flex ms-auto align-items-center gap-1-half\"\n\t\t\t\t\t\t\t\t\t\t\t\tdata-bs-dismiss=\"modal\"\n\t\t\t\t\t\t\t\t\t\t\t\taria-label=\"Close\"\n\t\t\t\t\t\t\t\t\t\t\t>\n\t\t\t\t\t\t\t\t\t\t\t\tClose\n\t\t\t\t\t\t\t\t\t\t\t\t<button class=\"btn-close\"><\/button>\n\t\t\t\t\t\t\t\t\t\t\t<\/div>\n\t\t\t\t\t\t\t\t\t\t<\/div>\n\t\t\t\t\t\t\t\t\t\t<div class=\"modal-body\">\n\t\t\t\t\t\t\t\t\t\t\t<h6 class=\"fs-sm fw-semibold text-uppercase text-secondary ff-primary d-lg-none ln-space\">\n\t\t\t\t\t\t\t\t\t\t\t\tFilter\n\t\t\t\t\t\t\t\t\t\t\t<\/h6>\n\n\t\t\t\t\t\t\t\t\t\t\t<form class=\"d-flex flex-column gap-2\" @submit.prevent>\n\t\t\t\t\t\t\t\t\t\t\t\t<div class=\"row\">\n\t\t\t\t\t\t\t\t\t\t\t\t\t\t\t\t\t\t\t\t\t\t\t\t\t\t\t<div class=\"col-lg-4\">\n\t\t\t\t\t\t\t\t\t\t\t\t\t\t\t\n<dropdown title-default=\"Category\" :show-remove=\"false\" auto-close=\"true\" form-key=\"post-filter\" dropdown-position=\"dropdown-menu-end\">\n\t<div class=\"list-unstyled p-2-half d-flex flex-column gap-1-half m-0\">\n\t\t<div>\n\t\t\t<input type=\"radio\"\n\t\t\t\tclass=\"btn-check\"\n\t\t\t\tname=\"projectsCategorytype\"\n\t\t\t\tid=\"projectsCategory0\"\n\t\t\t\tvalue=\"\"\n\t\t\t\tv-model=\"component.filter.data.category\"\n\t\t\t\taria-label=\"Kateg\u00f3ria\"\n\t\t\t\tautocomplete=\"off\" \/>\n\t\t\t<label class=\"btn btn-link\" for=\"projectsCategory0\">All<\/label>\n\t\t<\/div>\n\n\t\t\t\t\t<div>\n\t\t\t\t<input type=\"radio\"\n\t\t\t\t\tclass=\"btn-check\"\n\t\t\t\t\tname=\"projectsCategorytype\"\n\t\t\t\t\tid=\"projectsCategory1\"\n\t\t\t\t\tv-model=\"component.filter.data.category\"\n\t\t\t\t\tvalue=\"65\"\n\t\t\t\t\taria-label=\"AI Platformy\"\n\t\t\t\t\tautocomplete=\"off\" \/>\n\t\t\t\t<label class=\"btn btn-link\" for=\"projectsCategory1\">AI Platformy<\/label>\n\t\t\t<\/div>\n\t\t\t\t\t<div>\n\t\t\t\t<input type=\"radio\"\n\t\t\t\t\tclass=\"btn-check\"\n\t\t\t\t\tname=\"projectsCategorytype\"\n\t\t\t\t\tid=\"projectsCategory2\"\n\t\t\t\t\tv-model=\"component.filter.data.category\"\n\t\t\t\t\tvalue=\"44\"\n\t\t\t\t\taria-label=\"COFFEE SUPERMARKET CHAIN\"\n\t\t\t\t\tautocomplete=\"off\" \/>\n\t\t\t\t<label class=\"btn btn-link\" for=\"projectsCategory2\">COFFEE SUPERMARKET CHAIN<\/label>\n\t\t\t<\/div>\n\t\t\t\t\t<div>\n\t\t\t\t<input type=\"radio\"\n\t\t\t\t\tclass=\"btn-check\"\n\t\t\t\t\tname=\"projectsCategorytype\"\n\t\t\t\t\tid=\"projectsCategory3\"\n\t\t\t\t\tv-model=\"component.filter.data.category\"\n\t\t\t\t\tvalue=\"48\"\n\t\t\t\t\taria-label=\"Composting Company\"\n\t\t\t\t\tautocomplete=\"off\" \/>\n\t\t\t\t<label class=\"btn btn-link\" for=\"projectsCategory3\">Composting Company<\/label>\n\t\t\t<\/div>\n\t\t\t\t\t<div>\n\t\t\t\t<input type=\"radio\"\n\t\t\t\t\tclass=\"btn-check\"\n\t\t\t\t\tname=\"projectsCategorytype\"\n\t\t\t\t\tid=\"projectsCategory4\"\n\t\t\t\t\tv-model=\"component.filter.data.category\"\n\t\t\t\t\tvalue=\"50\"\n\t\t\t\t\taria-label=\"Crop and Livestock Production\"\n\t\t\t\t\tautocomplete=\"off\" \/>\n\t\t\t\t<label class=\"btn btn-link\" for=\"projectsCategory4\">Crop and Livestock Production<\/label>\n\t\t\t<\/div>\n\t\t\t\t\t<div>\n\t\t\t\t<input type=\"radio\"\n\t\t\t\t\tclass=\"btn-check\"\n\t\t\t\t\tname=\"projectsCategorytype\"\n\t\t\t\t\tid=\"projectsCategory5\"\n\t\t\t\t\tv-model=\"component.filter.data.category\"\n\t\t\t\t\tvalue=\"42\"\n\t\t\t\t\taria-label=\"Engineering Companies\"\n\t\t\t\t\tautocomplete=\"off\" \/>\n\t\t\t\t<label class=\"btn btn-link\" for=\"projectsCategory5\">Engineering Companies<\/label>\n\t\t\t<\/div>\n\t\t\t\t\t<div>\n\t\t\t\t<input type=\"radio\"\n\t\t\t\t\tclass=\"btn-check\"\n\t\t\t\t\tname=\"projectsCategorytype\"\n\t\t\t\t\tid=\"projectsCategory6\"\n\t\t\t\t\tv-model=\"component.filter.data.category\"\n\t\t\t\t\tvalue=\"45\"\n\t\t\t\t\taria-label=\"Organic Fertilizer Manufacturer\"\n\t\t\t\t\tautocomplete=\"off\" \/>\n\t\t\t\t<label class=\"btn btn-link\" for=\"projectsCategory6\">Organic Fertilizer Manufacturer<\/label>\n\t\t\t<\/div>\n\t\t\t\t\t<div>\n\t\t\t\t<input type=\"radio\"\n\t\t\t\t\tclass=\"btn-check\"\n\t\t\t\t\tname=\"projectsCategorytype\"\n\t\t\t\t\tid=\"projectsCategory7\"\n\t\t\t\t\tv-model=\"component.filter.data.category\"\n\t\t\t\t\tvalue=\"51\"\n\t\t\t\t\taria-label=\"Pharmacy Chain\"\n\t\t\t\t\tautocomplete=\"off\" \/>\n\t\t\t\t<label class=\"btn btn-link\" for=\"projectsCategory7\">Pharmacy Chain<\/label>\n\t\t\t<\/div>\n\t\t\t\t\t<div>\n\t\t\t\t<input type=\"radio\"\n\t\t\t\t\tclass=\"btn-check\"\n\t\t\t\t\tname=\"projectsCategorytype\"\n\t\t\t\t\tid=\"projectsCategory8\"\n\t\t\t\t\tv-model=\"component.filter.data.category\"\n\t\t\t\t\tvalue=\"49\"\n\t\t\t\t\taria-label=\"Transport and Freight Forwarding Services\"\n\t\t\t\t\tautocomplete=\"off\" \/>\n\t\t\t\t<label class=\"btn btn-link\" for=\"projectsCategory8\">Transport and Freight Forwarding Services<\/label>\n\t\t\t<\/div>\n\t\t\t\t\t<div>\n\t\t\t\t<input type=\"radio\"\n\t\t\t\t\tclass=\"btn-check\"\n\t\t\t\t\tname=\"projectsCategorytype\"\n\t\t\t\t\tid=\"projectsCategory9\"\n\t\t\t\t\tv-model=\"component.filter.data.category\"\n\t\t\t\t\tvalue=\"47\"\n\t\t\t\t\taria-label=\"Waste Decontamination\"\n\t\t\t\t\tautocomplete=\"off\" \/>\n\t\t\t\t<label class=\"btn btn-link\" for=\"projectsCategory9\">Waste Decontamination<\/label>\n\t\t\t<\/div>\n\t\t\t<\/div>\n<\/dropdown>\n\t\t\t\t\t\t\t\t\t\t\t\t\t\t<\/div>\n\t\t\t\t\t\t\t\t\t\t\t\t\t\n\t\t\t\t\t\t\t\t\t\t\t\t\t\t\t\t\t\t\t\t\t\t\t\t\t\t\t<div class=\"col-lg-4\">\n\t\t\t\t\t\t\t\t\t\t\t\t\t\t\t\n<dropdown title-default=\"Investment size\" :show-remove=\"false\" auto-close=\"true\" form-key=\"post-filter\" dropdown-position=\"dropdown-menu-end\">\n\t<div class=\"list-unstyled p-2-half d-flex flex-column gap-1-half m-0\">\n\t\t<div>\n\t\t\t<input type=\"radio\"\n\t\t\t\tclass=\"btn-check\"\n\t\t\t\tname=\"projectsSizetype\"\n\t\t\t\tid=\"projectsSize0\"\n\t\t\t\tvalue=\"\"\n\t\t\t\tv-model=\"component.filter.data.size\"\n\t\t\t\taria-label=\"Kateg\u00f3ria\"\n\t\t\t\tautocomplete=\"off\" \/>\n\t\t\t<label class=\"btn btn-link\" for=\"projectsSize0\">All<\/label>\n\t\t<\/div>\n\n\t\t\t\t\t<div>\n\t\t\t\t<input type=\"radio\"\n\t\t\t\t\tclass=\"btn-check\"\n\t\t\t\t\tname=\"projectsSizetype\"\n\t\t\t\t\tid=\"projectsSize1\"\n\t\t\t\t\tv-model=\"component.filter.data.size\"\n\t\t\t\t\tvalue=\"43\"\n\t\t\t\t\taria-label=\"over 1 000 000 EUR\"\n\t\t\t\t\tautocomplete=\"off\" \/>\n\t\t\t\t<label class=\"btn btn-link\" for=\"projectsSize1\">over 1 000 000 EUR<\/label>\n\t\t\t<\/div>\n\t\t\t\t\t<div>\n\t\t\t\t<input type=\"radio\"\n\t\t\t\t\tclass=\"btn-check\"\n\t\t\t\t\tname=\"projectsSizetype\"\n\t\t\t\t\tid=\"projectsSize2\"\n\t\t\t\t\tv-model=\"component.filter.data.size\"\n\t\t\t\t\tvalue=\"46\"\n\t\t\t\t\taria-label=\"up to 1 000 000 EUR\"\n\t\t\t\t\tautocomplete=\"off\" \/>\n\t\t\t\t<label class=\"btn btn-link\" for=\"projectsSize2\">up to 1 000 000 EUR<\/label>\n\t\t\t<\/div>\n\t\t\t<\/div>\n<\/dropdown>\n\t\t\t\t\t\t\t\t\t\t\t\t\t\t<\/div>\n\t\t\t\t\t\t\t\t\t\t\t\t\t\n\t\t\t\t\t\t\t\t\t\t\t\t\t\t\t\t\t\t\t\t\t\t\t\t\t\t\t<div class=\"col-lg-2\">\n\t\t\t\t\t\t\t\t\t\t\t\t\t\t\t\n<dropdown title-default=\"Year\" :show-remove=\"false\" auto-close=\"true\" form-key=\"post-filter\" dropdown-position=\"dropdown-menu-end\">\n\t<div class=\"list-unstyled p-2-half d-flex flex-column gap-1-half m-0\">\n\t\t<div>\n\t\t\t<input type=\"radio\"\n\t\t\t\tclass=\"btn-check\"\n\t\t\t\tname=\"projectsYearstype\"\n\t\t\t\tid=\"projectsYears0\"\n\t\t\t\tvalue=\"\"\n\t\t\t\tv-model=\"component.filter.data.years\"\n\t\t\t\taria-label=\"Kateg\u00f3ria\"\n\t\t\t\tautocomplete=\"off\" \/>\n\t\t\t<label class=\"btn btn-link\" for=\"projectsYears0\">All<\/label>\n\t\t<\/div>\n\n\t\t\t\t\t<div>\n\t\t\t\t<input type=\"radio\"\n\t\t\t\t\tclass=\"btn-check\"\n\t\t\t\t\tname=\"projectsYearstype\"\n\t\t\t\t\tid=\"projectsYears1\"\n\t\t\t\t\tv-model=\"component.filter.data.years\"\n\t\t\t\t\tvalue=\"60\"\n\t\t\t\t\taria-label=\"2011\"\n\t\t\t\t\tautocomplete=\"off\" \/>\n\t\t\t\t<label class=\"btn btn-link\" for=\"projectsYears1\">2011<\/label>\n\t\t\t<\/div>\n\t\t\t\t\t<div>\n\t\t\t\t<input type=\"radio\"\n\t\t\t\t\tclass=\"btn-check\"\n\t\t\t\t\tname=\"projectsYearstype\"\n\t\t\t\t\tid=\"projectsYears2\"\n\t\t\t\t\tv-model=\"component.filter.data.years\"\n\t\t\t\t\tvalue=\"58\"\n\t\t\t\t\taria-label=\"2013\"\n\t\t\t\t\tautocomplete=\"off\" \/>\n\t\t\t\t<label class=\"btn btn-link\" for=\"projectsYears2\">2013<\/label>\n\t\t\t<\/div>\n\t\t\t\t\t<div>\n\t\t\t\t<input type=\"radio\"\n\t\t\t\t\tclass=\"btn-check\"\n\t\t\t\t\tname=\"projectsYearstype\"\n\t\t\t\t\tid=\"projectsYears3\"\n\t\t\t\t\tv-model=\"component.filter.data.years\"\n\t\t\t\t\tvalue=\"59\"\n\t\t\t\t\taria-label=\"2016\"\n\t\t\t\t\tautocomplete=\"off\" \/>\n\t\t\t\t<label class=\"btn btn-link\" for=\"projectsYears3\">2016<\/label>\n\t\t\t<\/div>\n\t\t\t\t\t<div>\n\t\t\t\t<input type=\"radio\"\n\t\t\t\t\tclass=\"btn-check\"\n\t\t\t\t\tname=\"projectsYearstype\"\n\t\t\t\t\tid=\"projectsYears4\"\n\t\t\t\t\tv-model=\"component.filter.data.years\"\n\t\t\t\t\tvalue=\"56\"\n\t\t\t\t\taria-label=\"2021\"\n\t\t\t\t\tautocomplete=\"off\" \/>\n\t\t\t\t<label class=\"btn btn-link\" for=\"projectsYears4\">2021<\/label>\n\t\t\t<\/div>\n\t\t\t\t\t<div>\n\t\t\t\t<input type=\"radio\"\n\t\t\t\t\tclass=\"btn-check\"\n\t\t\t\t\tname=\"projectsYearstype\"\n\t\t\t\t\tid=\"projectsYears5\"\n\t\t\t\t\tv-model=\"component.filter.data.years\"\n\t\t\t\t\tvalue=\"57\"\n\t\t\t\t\taria-label=\"2025\"\n\t\t\t\t\tautocomplete=\"off\" \/>\n\t\t\t\t<label class=\"btn btn-link\" for=\"projectsYears5\">2025<\/label>\n\t\t\t<\/div>\n\t\t\t\t\t<div>\n\t\t\t\t<input type=\"radio\"\n\t\t\t\t\tclass=\"btn-check\"\n\t\t\t\t\tname=\"projectsYearstype\"\n\t\t\t\t\tid=\"projectsYears6\"\n\t\t\t\t\tv-model=\"component.filter.data.years\"\n\t\t\t\t\tvalue=\"66\"\n\t\t\t\t\taria-label=\"2026\"\n\t\t\t\t\tautocomplete=\"off\" \/>\n\t\t\t\t<label class=\"btn btn-link\" for=\"projectsYears6\">2026<\/label>\n\t\t\t<\/div>\n\t\t\t<\/div>\n<\/dropdown>\n\t\t\t\t\t\t\t\t\t\t\t\t\t\t<\/div>\n\t\t\t\t\t\t\t\t\t\t\t\t\t\n\t\t\t\t\t\t\t\t\t\t\t\t\t\t\t\t\t\t\t\t\t\t\t\t\t\t\t<div class=\"col-lg-2\">\n\t\t\t\t\t\t\t\t\t\t\t\t\t\t\t\n<dropdown title-default=\"Status\" :show-remove=\"false\" auto-close=\"true\" form-key=\"post-filter\" dropdown-position=\"dropdown-menu-end\">\n\t<div class=\"list-unstyled p-2-half d-flex flex-column gap-1-half m-0\">\n\t\t<div>\n\t\t\t<input type=\"radio\"\n\t\t\t\tclass=\"btn-check\"\n\t\t\t\tname=\"projectsStatustype\"\n\t\t\t\tid=\"projectsStatus0\"\n\t\t\t\tvalue=\"\"\n\t\t\t\tv-model=\"component.filter.data.status\"\n\t\t\t\taria-label=\"Kateg\u00f3ria\"\n\t\t\t\tautocomplete=\"off\" \/>\n\t\t\t<label class=\"btn btn-link\" for=\"projectsStatus0\">All<\/label>\n\t\t<\/div>\n\n\t\t\t\t\t<div>\n\t\t\t\t<input type=\"radio\"\n\t\t\t\t\tclass=\"btn-check\"\n\t\t\t\t\tname=\"projectsStatustype\"\n\t\t\t\t\tid=\"projectsStatus1\"\n\t\t\t\t\tv-model=\"component.filter.data.status\"\n\t\t\t\t\tvalue=\"62\"\n\t\t\t\t\taria-label=\"Active\"\n\t\t\t\t\tautocomplete=\"off\" \/>\n\t\t\t\t<label class=\"btn btn-link\" for=\"projectsStatus1\">Active<\/label>\n\t\t\t<\/div>\n\t\t\t\t\t<div>\n\t\t\t\t<input type=\"radio\"\n\t\t\t\t\tclass=\"btn-check\"\n\t\t\t\t\tname=\"projectsStatustype\"\n\t\t\t\t\tid=\"projectsStatus2\"\n\t\t\t\t\tv-model=\"component.filter.data.status\"\n\t\t\t\t\tvalue=\"61\"\n\t\t\t\t\taria-label=\"Inactive\"\n\t\t\t\t\tautocomplete=\"off\" \/>\n\t\t\t\t<label class=\"btn btn-link\" for=\"projectsStatus2\">Inactive<\/label>\n\t\t\t<\/div>\n\t\t\t<\/div>\n<\/dropdown>\n\t\t\t\t\t\t\t\t\t\t\t\t\t\t<\/div>\n\t\t\t\t\t\t\t\t\t\t\t\t\t\t\t\t\t\t\t\t\t\t\t\t\t<\/div>\n\t\t\t\t\t\t\t\t\t\t\t<\/form>\n\t\t\t\t\t\t\t\t\t\t<\/div>\n\t\t\t\t\t\t\t\t\t\t<div class=\"modal-footer d-lg-none\">\n\t\t\t\t\t\t\t\t\t\t\t<button type=\"button\" class=\"btn btn-primary w-100\" data-bs-dismiss=\"modal\">Confirm<\/button>\n\t\t\t\t\t\t\t\t\t\t<\/div>\n\t\t\t\t\t\t\t\t\t<\/div>\n\t\t\t\t\t\t\t\t<\/div>\n\t\t\t\t\t\t\t<\/div>\n\t\t\t\t\t\t<\/div>\n\t\t\t\t\t<\/template>\n\t\t\t\t\t\t\t<\/ajax-list>\n\t\t\t<\/div>\n<\/section>\n","protected":false},"excerpt":{"rendered":"","protected":false},"author":1,"featured_media":0,"parent":0,"menu_order":0,"comment_status":"closed","ping_status":"closed","template":"","meta":{"_acf_changed":false,"footnotes":""},"class_list":["post-1140","page","type-page","status-publish","hentry"],"acf":[],"yoast_head":"<!-- This site is optimized with the Yoast SEO plugin v23.9 - https:\/\/yoast.com\/wordpress\/plugins\/seo\/ -->\n<title>Projects | HERNWOOD<\/title>\n<meta name=\"robots\" content=\"index, follow, max-snippet:-1, max-image-preview:large, max-video-preview:-1\" \/>\n<link rel=\"canonical\" href=\"https:\/\/hernwood.com\/en\/projekty\/\" \/>\n<meta property=\"og:locale\" content=\"en_US\" \/>\n<meta property=\"og:type\" content=\"article\" \/>\n<meta property=\"og:title\" content=\"Projects | HERNWOOD\" \/>\n<meta property=\"og:url\" content=\"https:\/\/hernwood.com\/en\/projekty\/\" \/>\n<meta property=\"og:site_name\" content=\"HERNWOOD\" \/>\n<meta property=\"article:modified_time\" content=\"2025-06-21T11:53:39+00:00\" \/>\n<meta name=\"twitter:card\" content=\"summary_large_image\" \/>\n<script type=\"application\/ld+json\" class=\"yoast-schema-graph\">{\"@context\":\"https:\/\/schema.org\",\"@graph\":[{\"@type\":\"WebPage\",\"@id\":\"https:\/\/hernwood.com\/en\/projekty\/\",\"url\":\"https:\/\/hernwood.com\/en\/projekty\/\",\"name\":\"Projects | HERNWOOD\",\"isPartOf\":{\"@id\":\"https:\/\/hernwood.com\/en\/#website\"},\"datePublished\":\"2024-07-13T09:49:26+00:00\",\"dateModified\":\"2025-06-21T11:53:39+00:00\",\"breadcrumb\":{\"@id\":\"https:\/\/hernwood.com\/en\/projekty\/#breadcrumb\"},\"inLanguage\":\"en-US\",\"potentialAction\":[{\"@type\":\"ReadAction\",\"target\":[\"https:\/\/hernwood.com\/en\/projekty\/\"]}]},{\"@type\":\"BreadcrumbList\",\"@id\":\"https:\/\/hernwood.com\/en\/projekty\/#breadcrumb\",\"itemListElement\":[{\"@type\":\"ListItem\",\"position\":1,\"name\":\"Home\",\"item\":\"https:\/\/hernwood.com\/en\/\"},{\"@type\":\"ListItem\",\"position\":2,\"name\":\"Projects\"}]},{\"@type\":\"WebSite\",\"@id\":\"https:\/\/hernwood.com\/en\/#website\",\"url\":\"https:\/\/hernwood.com\/en\/\",\"name\":\"HERNWOOD\",\"description\":\"Pom\u00e1hame firm\u00e1m r\u00e1s\u0165 a plni\u0165 ich ciele\",\"publisher\":{\"@id\":\"https:\/\/hernwood.com\/en\/#organization\"},\"potentialAction\":[{\"@type\":\"SearchAction\",\"target\":{\"@type\":\"EntryPoint\",\"urlTemplate\":\"https:\/\/hernwood.com\/en\/?s={search_term_string}\"},\"query-input\":{\"@type\":\"PropertyValueSpecification\",\"valueRequired\":true,\"valueName\":\"search_term_string\"}}],\"inLanguage\":\"en-US\"},{\"@type\":\"Organization\",\"@id\":\"https:\/\/hernwood.com\/en\/#organization\",\"name\":\"Hernwood\",\"url\":\"https:\/\/hernwood.com\/en\/\",\"logo\":{\"@type\":\"ImageObject\",\"inLanguage\":\"en-US\",\"@id\":\"https:\/\/hernwood.com\/en\/#\/schema\/logo\/image\/\",\"url\":\"https:\/\/hernwood.com\/wp-content\/uploads\/2025\/07\/hernwood-logo.svg\",\"contentUrl\":\"https:\/\/hernwood.com\/wp-content\/uploads\/2025\/07\/hernwood-logo.svg\",\"width\":1,\"height\":1,\"caption\":\"Hernwood\"},\"image\":{\"@id\":\"https:\/\/hernwood.com\/en\/#\/schema\/logo\/image\/\"}}]}<\/script>\n<!-- \/ Yoast SEO plugin. -->","yoast_head_json":{"title":"Projects | HERNWOOD","robots":{"index":"index","follow":"follow","max-snippet":"max-snippet:-1","max-image-preview":"max-image-preview:large","max-video-preview":"max-video-preview:-1"},"canonical":"https:\/\/hernwood.com\/en\/projekty\/","og_locale":"en_US","og_type":"article","og_title":"Projects | HERNWOOD","og_url":"https:\/\/hernwood.com\/en\/projekty\/","og_site_name":"HERNWOOD","article_modified_time":"2025-06-21T11:53:39+00:00","twitter_card":"summary_large_image","schema":{"@context":"https:\/\/schema.org","@graph":[{"@type":"WebPage","@id":"https:\/\/hernwood.com\/en\/projekty\/","url":"https:\/\/hernwood.com\/en\/projekty\/","name":"Projects | HERNWOOD","isPartOf":{"@id":"https:\/\/hernwood.com\/en\/#website"},"datePublished":"2024-07-13T09:49:26+00:00","dateModified":"2025-06-21T11:53:39+00:00","breadcrumb":{"@id":"https:\/\/hernwood.com\/en\/projekty\/#breadcrumb"},"inLanguage":"en-US","potentialAction":[{"@type":"ReadAction","target":["https:\/\/hernwood.com\/en\/projekty\/"]}]},{"@type":"BreadcrumbList","@id":"https:\/\/hernwood.com\/en\/projekty\/#breadcrumb","itemListElement":[{"@type":"ListItem","position":1,"name":"Home","item":"https:\/\/hernwood.com\/en\/"},{"@type":"ListItem","position":2,"name":"Projects"}]},{"@type":"WebSite","@id":"https:\/\/hernwood.com\/en\/#website","url":"https:\/\/hernwood.com\/en\/","name":"HERNWOOD","description":"Pom\u00e1hame firm\u00e1m r\u00e1s\u0165 a plni\u0165 ich ciele","publisher":{"@id":"https:\/\/hernwood.com\/en\/#organization"},"potentialAction":[{"@type":"SearchAction","target":{"@type":"EntryPoint","urlTemplate":"https:\/\/hernwood.com\/en\/?s={search_term_string}"},"query-input":{"@type":"PropertyValueSpecification","valueRequired":true,"valueName":"search_term_string"}}],"inLanguage":"en-US"},{"@type":"Organization","@id":"https:\/\/hernwood.com\/en\/#organization","name":"Hernwood","url":"https:\/\/hernwood.com\/en\/","logo":{"@type":"ImageObject","inLanguage":"en-US","@id":"https:\/\/hernwood.com\/en\/#\/schema\/logo\/image\/","url":"https:\/\/hernwood.com\/wp-content\/uploads\/2025\/07\/hernwood-logo.svg","contentUrl":"https:\/\/hernwood.com\/wp-content\/uploads\/2025\/07\/hernwood-logo.svg","width":1,"height":1,"caption":"Hernwood"},"image":{"@id":"https:\/\/hernwood.com\/en\/#\/schema\/logo\/image\/"}}]}},"_links":{"self":[{"href":"https:\/\/hernwood.com\/en\/wp-json\/wp\/v2\/pages\/1140","targetHints":{"allow":["GET"]}}],"collection":[{"href":"https:\/\/hernwood.com\/en\/wp-json\/wp\/v2\/pages"}],"about":[{"href":"https:\/\/hernwood.com\/en\/wp-json\/wp\/v2\/types\/page"}],"author":[{"embeddable":true,"href":"https:\/\/hernwood.com\/en\/wp-json\/wp\/v2\/users\/1"}],"replies":[{"embeddable":true,"href":"https:\/\/hernwood.com\/en\/wp-json\/wp\/v2\/comments?post=1140"}],"version-history":[{"count":0,"href":"https:\/\/hernwood.com\/en\/wp-json\/wp\/v2\/pages\/1140\/revisions"}],"wp:attachment":[{"href":"https:\/\/hernwood.com\/en\/wp-json\/wp\/v2\/media?parent=1140"}],"curies":[{"name":"wp","href":"https:\/\/api.w.org\/{rel}","templated":true}]}}